{"id":6614,"date":"2025-07-04T08:00:30","date_gmt":"2025-07-04T08:00:30","guid":{"rendered":"https:\/\/sacrehder.org\/?page_id=6614"},"modified":"2025-07-04T08:52:11","modified_gmt":"2025-07-04T08:52:11","slug":"uyelerimiz","status":"publish","type":"page","link":"https:\/\/sacrehder.org\/en\/uyelerimiz\/","title":{"rendered":"Our Members"},"content":{"rendered":"<div data-elementor-type=\"wp-post\" data-elementor-id=\"6614\" class=\"elementor elementor-6614\">\n\t\t\t\t\t\t<section class=\"elementor-section elementor-top-section elementor-element elementor-element-dd0906d elementor-section-boxed elementor-section-height-default elementor-section-height-default\" data-id=\"dd0906d\" data-element_type=\"section\">\n\t\t\t\t\t\t<div class=\"elementor-container elementor-column-gap-default\">\n\t\t\t\t\t<div class=\"elementor-column elementor-col-100 elementor-top-column elementor-element elementor-element-8259eef\" data-id=\"8259eef\" data-element_type=\"column\">\n\t\t\t<div class=\"elementor-widget-wrap elementor-element-populated\">\n\t\t\t\t\t\t<div class=\"elementor-element elementor-element-b7f0bb6 elementor-widget__width-initial elementor-widget elementor-widget-html\" data-id=\"b7f0bb6\" data-element_type=\"widget\" data-widget_type=\"html.default\">\n\t\t\t\t<div class=\"elementor-widget-container\">\n\t\t\t\t\t<!DOCTYPE html>\n<html lang=\"tr\">\n<head>\n    <meta charset=\"UTF-8\">\n    <meta name=\"viewport\" content=\"width=device-width, initial-scale=1.0\">\n    <title>\u00dcyelerimiz - SA\u00c7REHDER<\/title>\n    <style>\n        * {\n            margin: 0;\n            padding: 0;\n            box-sizing: border-box;\n        }\n\n        body {\n            font-family: 'Segoe UI', Tahoma, Geneva, Verdana, sans-serif;\n            background: #f8f9fa;\n            padding: 40px 20px;\n            min-height: 100vh;\n        }\n\n        .mx7k2p9 {\n            max-width: 1400px;\n            margin: 0 auto;\n            text-align: center;\n        }\n\n        .qw8n5r1 {\n            font-size: 2.8rem;\n            color: #2c3e50;\n            margin-bottom: 20px;\n            font-weight: 700;\n        }\n\n        .subtitle {\n            font-size: 1.2rem;\n            color: #7f8c8d;\n            margin-bottom: 50px;\n            max-width: 600px;\n            margin-left: auto;\n            margin-right: auto;\n        }\n\n        .filter-section {\n            background: white;\n            padding: 30px;\n            border-radius: 15px;\n            margin-bottom: 40px;\n            box-shadow: 0 4px 15px rgba(0, 0, 0, 0.08);\n        }\n\n        .filter-title {\n            font-size: 1.4rem;\n            color: #2c3e50;\n            margin-bottom: 20px;\n            font-weight: 600;\n        }\n\n        .filter-buttons {\n            display: flex;\n            gap: 15px;\n            justify-content: center;\n            flex-wrap: wrap;\n        }\n\n        .filter-btn {\n            padding: 12px 24px;\n            border: 2px solid #3498db;\n            background: white;\n            color: #3498db;\n            border-radius: 25px;\n            cursor: pointer;\n            font-weight: 600;\n            transition: all 0.3s ease;\n            font-size: 14px;\n        }\n\n        .filter-btn:hover,\n        .filter-btn.active {\n            background: #3498db;\n            color: white;\n            transform: translateY(-2px);\n            box-shadow: 0 5px 15px rgba(52, 152, 219, 0.4);\n        }\n\n        .lt4v9x3 {\n            display: grid;\n            grid-template-columns: repeat(auto-fit, minmax(320px, 1fr));\n            gap: 30px;\n            padding: 0 20px;\n        }\n\n        .bn2m8k5 {\n            background: white;\n            border-radius: 15px;\n            overflow: hidden;\n            transition: all 0.4s ease;\n            cursor: pointer;\n            box-shadow: 0 5px 20px rgba(0, 0, 0, 0.1);\n            position: relative;\n        }\n\n        .bn2m8k5:hover {\n            transform: translateY(-8px);\n            box-shadow: 0 15px 35px rgba(0, 0, 0, 0.15);\n        }\n\n        .fy6p3j8 {\n            width: 100%;\n            height: 280px;\n            position: relative;\n            overflow: hidden;\n            background: linear-gradient(135deg, #667eea 0%, #764ba2 100%);\n        }\n\n        .zx9w4t7 {\n            width: 100%;\n            height: 100%;\n            object-fit: cover;\n            object-position: center top;\n            transition: all 0.4s ease;\n        }\n\n        .bn2m8k5:hover .zx9w4t7 {\n            transform: scale(1.08);\n        }\n\n        .hg5r2n1 {\n            padding: 25px 20px;\n            text-align: center;\n            background: white;\n        }\n\n        .ue8k7m4 {\n            font-size: 1.4rem;\n            font-weight: 700;\n            color: #2c3e50;\n            margin-bottom: 8px;\n            line-height: 1.3;\n        }\n\n        .pd9s6l3 {\n            font-size: 16px;\n            color: #3498db;\n            font-weight: 600;\n            margin-bottom: 8px;\n        }\n\n        .location {\n            font-size: 14px;\n            color: #7f8c8d;\n            margin-bottom: 5px;\n            display: flex;\n            align-items: center;\n            justify-content: center;\n            gap: 5px;\n        }\n\n        .specialty {\n            font-size: 13px;\n            color: #95a5a6;\n            font-style: italic;\n        }\n\n        .member-badge {\n            position: absolute;\n            top: 15px;\n            right: 15px;\n            background: rgba(52, 152, 219, 0.9);\n            color: white;\n            padding: 8px 15px;\n            border-radius: 20px;\n            font-size: 12px;\n            font-weight: 600;\n            backdrop-filter: blur(10px);\n            z-index: 2;\n        }\n\n        \/* Responsive *\/\n        @media (max-width: 768px) {\n            .lt4v9x3 {\n                grid-template-columns: repeat(auto-fit, minmax(280px, 1fr));\n                gap: 20px;\n                padding: 0 10px;\n            }\n\n            .fy6p3j8 {\n                height: 240px;\n            }\n\n            .ue8k7m4 {\n                font-size: 1.2rem;\n            }\n\n            .qw8n5r1 {\n                font-size: 2.2rem;\n                margin-bottom: 15px;\n            }\n\n            .filter-buttons {\n                gap: 10px;\n            }\n\n            .filter-btn {\n                padding: 10px 18px;\n                font-size: 12px;\n            }\n\n            .hg5r2n1 {\n                padding: 20px 15px;\n            }\n        }\n\n        \/* Loading animasyonu *\/\n        .bn2m8k5 {\n            animation: kj7m2p9 0.6s ease-out forwards;\n            opacity: 0;\n            transform: translateY(30px);\n        }\n\n        .bn2m8k5:nth-child(1) { animation-delay: 0.1s; }\n        .bn2m8k5:nth-child(2) { animation-delay: 0.15s; }\n        .bn2m8k5:nth-child(3) { animation-delay: 0.2s; }\n        .bn2m8k5:nth-child(4) { animation-delay: 0.25s; }\n        .bn2m8k5:nth-child(5) { animation-delay: 0.3s; }\n        .bn2m8k5:nth-child(6) { animation-delay: 0.35s; }\n        .bn2m8k5:nth-child(7) { animation-delay: 0.4s; }\n        .bn2m8k5:nth-child(8) { animation-delay: 0.45s; }\n\n        @keyframes kj7m2p9 {\n            to {\n                opacity: 1;\n                transform: translateY(0);\n            }\n        }\n\n        .search-box {\n            margin-bottom: 20px;\n        }\n\n        .search-input {\n            padding: 15px 20px;\n            border: 2px solid #ddd;\n            border-radius: 25px;\n            font-size: 16px;\n            width: 300px;\n            transition: all 0.3s ease;\n        }\n\n        .search-input:focus {\n            outline: none;\n            border-color: #3498db;\n            box-shadow: 0 0 0 3px rgba(52, 152, 219, 0.1);\n        }\n    <\/style>\n<\/head>\n<body>\n    <div class=\"mx7k2p9\">\n        <h1 class=\"qw8n5r1\">Our Members<\/h1>\n        <p class=\"subtitle\">SA\u00c7REHDER ailesinin de\u011ferli \u00fcyeleri ve T\u00fcrkiye'nin en deneyimli sa\u00e7 sa\u011fl\u0131\u011f\u0131 uzmanlar\u0131<\/p>\n        \n        <!-- Filtreleme B\u00f6l\u00fcm\u00fc -->\n        <div class=\"filter-section\">\n            <h3 class=\"filter-title\">\u00dcye Kategorilerine G\u00f6re Filtrele<\/h3>\n            <div class=\"search-box\">\n                <input type=\"text\" class=\"search-input\" placeholder=\"Hekim ad\u0131 ile ara...\" id=\"searchInput\">\n            <\/div>\n            <div class=\"filter-buttons\">\n                <button class=\"filter-btn active\" data-filter=\"all\">T\u00fcm \u00dcyeler<\/button>\n                <button class=\"filter-btn\" data-filter=\"kurucu\">Kurucu \u00dcyeler<\/button>\n                <button class=\"filter-btn\" data-filter=\"asil\">Asil \u00dcyeler<\/button>\n                <button class=\"filter-btn\" data-filter=\"fahri\">Fahri \u00dcyeler<\/button>\n                <button class=\"filter-btn\" data-filter=\"istanbul\">\u0130stanbul<\/button>\n                <button class=\"filter-btn\" data-filter=\"ankara\">Ankara<\/button>\n                <button class=\"filter-btn\" data-filter=\"izmir\">\u0130zmir<\/button>\n            <\/div>\n        <\/div>\n        \n        <div class=\"lt4v9x3\" id=\"membersGrid\">\n            <!-- Kurucu \u00dcye 1 -->\n            <div class=\"bn2m8k5\" data-category=\"kurucu\" data-city=\"istanbul\" data-name=\"mehmet erdo\u011fan\">\n                <div class=\"member-badge\">Founding Members<\/div>\n                <div class=\"fy6p3j8\">\n                    <img decoding=\"async\" src=\"https:\/\/sacrehder.org\/wp-content\/uploads\/2025\/06\/mehmeterdogan-scaled.png\" alt=\"Dr. Mehmet Erdo\u011fan\" class=\"zx9w4t7\">\n                <\/div>\n                <div class=\"hg5r2n1\">\n                    <h3 class=\"ue8k7m4\">Dr. Mehmet Erdo\u011fan<\/h3>\n                    <div class=\"pd9s6l3\">Sa\u00e7 Transplantasyonu Uzman\u0131<\/div>\n                    <div class=\"location\">\ud83d\udccd \u0130stanbul<\/div>\n                    <div class=\"specialty\">FUE Tekni\u011fi \u2022 Sa\u00e7 Restorasyonu<\/div>\n                <\/div>\n            <\/div>\n\n            <!-- Kurucu \u00dcye 2 -->\n            <div class=\"bn2m8k5\" data-category=\"kurucu\" data-city=\"istanbul\" data-name=\"fad\u0131l balvi\">\n                <div class=\"member-badge\">Founding Members<\/div>\n                <div class=\"fy6p3j8\">\n                    <img decoding=\"async\" src=\"https:\/\/sacrehder.org\/wp-content\/uploads\/2025\/06\/fadilbalvi.webp\" alt=\"Dr. Fad\u0131l Balvi\" class=\"zx9w4t7\">\n                <\/div>\n                <div class=\"hg5r2n1\">\n                    <h3 class=\"ue8k7m4\">Dr. Fad\u0131l Balvi<\/h3>\n                    <div class=\"pd9s6l3\">Sa\u00e7 Sa\u011fl\u0131\u011f\u0131 Uzman\u0131<\/div>\n                    <div class=\"location\">\ud83d\udccd \u0130stanbul<\/div>\n                    <div class=\"specialty\">DHI Tekni\u011fi \u2022 Sa\u00e7 Hastal\u0131klar\u0131<\/div>\n                <\/div>\n            <\/div>\n\n            <!-- Kurucu \u00dcye 3 -->\n            <div class=\"bn2m8k5\" data-category=\"kurucu\" data-city=\"istanbul\" data-name=\"resul yaman\">\n                <div class=\"member-badge\">Founding Members<\/div>\n                <div class=\"fy6p3j8\">\n                    <img decoding=\"async\" src=\"https:\/\/sacrehder.org\/wp-content\/uploads\/2025\/06\/resulyaman.jpg\" alt=\"Dr. Resul Yaman\" class=\"zx9w4t7\">\n                <\/div>\n                <div class=\"hg5r2n1\">\n                    <h3 class=\"ue8k7m4\">Dr. Resul Yaman<\/h3>\n                    <div class=\"pd9s6l3\">Plastik Cerrah<\/div>\n                    <div class=\"location\">\ud83d\udccd \u0130stanbul<\/div>\n                    <div class=\"specialty\">Sa\u00e7 \u00c7izgisi Tasar\u0131m\u0131 \u2022 Estetik Cerrahi<\/div>\n                <\/div>\n            <\/div>\n\n\n\n            <!-- Asil \u00dcye 1 -->\n            <div class=\"bn2m8k5\" data-category=\"asil\" data-city=\"istanbul\" data-name=\"zafer \u00e7etinkaya\">\n                <div class=\"member-badge\">Board Member<\/div>\n                <div class=\"fy6p3j8\">\n                    <img decoding=\"async\" src=\"https:\/\/sacrehder.org\/wp-content\/uploads\/2025\/06\/zafercetinkaya.jpeg\" alt=\"Dr. Zafer \u00c7etinkaya\" class=\"zx9w4t7\">\n                <\/div>\n                <div class=\"hg5r2n1\">\n                    <h3 class=\"ue8k7m4\">Dr. Zafer \u00c7etinkaya<\/h3>\n                    <div class=\"pd9s6l3\">Sa\u00e7 Sa\u011fl\u0131\u011f\u0131 Uzman\u0131<\/div>\n                    <div class=\"location\">\ud83d\udccd \u0130stanbul<\/div>\n                    <div class=\"specialty\">PRP Tedavisi \u2022 Mesotherapi<\/div>\n                <\/div>\n            <\/div>\n\n            <!-- Asil \u00dcye 2 -->\n            <div class=\"bn2m8k5\" data-category=\"asil\" data-city=\"istanbul\" data-name=\"abdulaziz balvi\">\n                <div class=\"member-badge\">Board Member<\/div>\n                <div class=\"fy6p3j8\">\n                    <img decoding=\"async\" src=\"https:\/\/sacrehder.org\/wp-content\/uploads\/2025\/06\/abdulazizbalwi.webp\" alt=\"Dr. Abdulaziz Balvi\" class=\"zx9w4t7\">\n                <\/div>\n                <div class=\"hg5r2n1\">\n                    <h3 class=\"ue8k7m4\">Dr. Abdulaziz Balvi<\/h3>\n                    <div class=\"pd9s6l3\">Sa\u00e7 Transplantasyonu Uzman\u0131<\/div>\n                    <div class=\"location\">\ud83d\udccd \u0130stanbul<\/div>\n                    <div class=\"specialty\">DHI \u2022 Sa\u00e7l\u0131 Deri Cerrahisi<\/div>\n                <\/div>\n            <\/div>\n\n\n        <\/div>\n    <\/div>\n\n    <script>\n        \/\/ Filtreleme fonksiyonu\n        const filterButtons = document.querySelectorAll('.filter-btn');\n        const memberCards = document.querySelectorAll('.bn2m8k5');\n        const searchInput = document.getElementById('searchInput');\n\n        \/\/ Filtre butonlar\u0131 event listener\n        filterButtons.forEach(button => {\n            button.addEventListener('click', () => {\n                \/\/ Aktif buton stilini g\u00fcncelle\n                filterButtons.forEach(btn => btn.classList.remove('active'));\n                button.classList.add('active');\n                \n                const filter = button.getAttribute('data-filter');\n                filterMembers(filter, searchInput.value);\n            });\n        });\n\n        \/\/ Arama fonksiyonu\n        searchInput.addEventListener('input', (e) => {\n            const activeFilter = document.querySelector('.filter-btn.active').getAttribute('data-filter');\n            filterMembers(activeFilter, e.target.value);\n        });\n\n        function filterMembers(category, searchTerm) {\n            memberCards.forEach(card => {\n                const cardCategory = card.getAttribute('data-category');\n                const cardCity = card.getAttribute('data-city');\n                const cardName = card.getAttribute('data-name').toLowerCase();\n                const searchTermLower = searchTerm.toLowerCase();\n                \n                let showCard = false;\n                \n                \/\/ Kategori filtresi\n                if (category === 'all') {\n                    showCard = true;\n                } else if (category === cardCategory || category === cardCity) {\n                    showCard = true;\n                }\n                \n                \/\/ Arama filtresi\n                if (searchTerm && !cardName.includes(searchTermLower)) {\n                    showCard = false;\n                }\n                \n                \/\/ Kart\u0131 g\u00f6ster\/gizle\n                if (showCard) {\n                    card.style.display = 'block';\n                    card.style.animation = 'kj7m2p9 0.4s ease-out forwards';\n                } else {\n                    card.style.display = 'none';\n                }\n            });\n        }\n    <\/script>\n<\/body>\n<\/html>\t\t\t\t<\/div>\n\t\t\t\t<\/div>\n\t\t\t\t\t<\/div>\n\t\t<\/div>\n\t\t\t\t\t<\/div>\n\t\t<\/section>\n\t\t\t\t<\/div>","protected":false},"excerpt":{"rendered":"<p>\u00dcyelerimiz &#8211; SA\u00c7REHDER \u00dcyelerimiz SA\u00c7REHDER ailesinin de\u011ferli \u00fcyeleri ve T\u00fcrkiye&#8217;nin en deneyimli sa\u00e7 sa\u011fl\u0131\u011f\u0131 uzmanlar\u0131 \u00dcye Kategorilerine G\u00f6re Filtrele T\u00fcm \u00dcyeler Kurucu \u00dcyeler Asil \u00dcyeler Fahri \u00dcyeler \u0130stanbul Ankara \u0130zmir Kurucu \u00dcye Dr. Mehmet Erdo\u011fan Sa\u00e7 Transplantasyonu Uzman\u0131 \ud83d\udccd \u0130stanbul FUE Tekni\u011fi \u2022 Sa\u00e7 Restorasyonu Kurucu \u00dcye Dr. Fad\u0131l Balvi Sa\u00e7 Sa\u011fl\u0131\u011f\u0131 Uzman\u0131 \ud83d\udccd \u0130stanbul&#8230;<\/p>","protected":false},"author":1,"featured_media":0,"parent":0,"menu_order":0,"comment_status":"closed","ping_status":"closed","template":"","meta":{"_acf_changed":false,"footnotes":""},"class_list":["post-6614","page","type-page","status-publish","hentry"],"acf":[],"_links":{"self":[{"href":"https:\/\/sacrehder.org\/en\/wp-json\/wp\/v2\/pages\/6614","targetHints":{"allow":["GET"]}}],"collection":[{"href":"https:\/\/sacrehder.org\/en\/wp-json\/wp\/v2\/pages"}],"about":[{"href":"https:\/\/sacrehder.org\/en\/wp-json\/wp\/v2\/types\/page"}],"author":[{"embeddable":true,"href":"https:\/\/sacrehder.org\/en\/wp-json\/wp\/v2\/users\/1"}],"replies":[{"embeddable":true,"href":"https:\/\/sacrehder.org\/en\/wp-json\/wp\/v2\/comments?post=6614"}],"version-history":[{"count":4,"href":"https:\/\/sacrehder.org\/en\/wp-json\/wp\/v2\/pages\/6614\/revisions"}],"predecessor-version":[{"id":6620,"href":"https:\/\/sacrehder.org\/en\/wp-json\/wp\/v2\/pages\/6614\/revisions\/6620"}],"wp:attachment":[{"href":"https:\/\/sacrehder.org\/en\/wp-json\/wp\/v2\/media?parent=6614"}],"curies":[{"name":"wp","href":"https:\/\/api.w.org\/{rel}","templated":true}]}}