{"id":6512,"date":"2025-06-26T08:57:49","date_gmt":"2025-06-26T08:57:49","guid":{"rendered":"https:\/\/sacrehder.org\/?page_id=6512"},"modified":"2025-06-26T08:58:45","modified_gmt":"2025-06-26T08:58:45","slug":"reklam-yonetmeligi","status":"publish","type":"page","link":"https:\/\/sacrehder.org\/en\/reklam-yonetmeligi\/","title":{"rendered":"Advertisement Regulation"},"content":{"rendered":"<div data-elementor-type=\"wp-post\" data-elementor-id=\"6512\" class=\"elementor elementor-6512\">\n\t\t\t\t\t\t<section class=\"elementor-section elementor-top-section elementor-element elementor-element-0eb198c elementor-section-boxed elementor-section-height-default elementor-section-height-default\" data-id=\"0eb198c\" data-element_type=\"section\">\n\t\t\t\t\t\t<div class=\"elementor-container elementor-column-gap-default\">\n\t\t\t\t\t<div class=\"elementor-column elementor-col-100 elementor-top-column elementor-element elementor-element-c55b3a7\" data-id=\"c55b3a7\" data-element_type=\"column\">\n\t\t\t<div class=\"elementor-widget-wrap elementor-element-populated\">\n\t\t\t\t\t\t<div class=\"elementor-element elementor-element-f08aaff elementor-widget elementor-widget-text-editor\" data-id=\"f08aaff\" data-element_type=\"widget\" data-widget_type=\"text-editor.default\">\n\t\t\t\t<div class=\"elementor-widget-container\">\n\t\t\t\t\t\t\t\t\t<h2 class=\"text-xl font-bold text-text-100 mt-1 -mb-0.5\"><strong>ADVERTISING REGULATIONS<\/strong><\/h2><h3 class=\"text-lg font-bold text-text-100 mt-1 -mb-1.5\"><strong>1. GENERAL PROVISIONS<\/strong><\/h3><ul class=\"[&amp;:not(:last-child)_ul]:pb-1 [&amp;:not(:last-child)_ol]:pb-1 list-disc space-y-1.5 pl-7\"><li class=\"whitespace-normal break-words\">Advertising definition and scope<\/li><li class=\"whitespace-normal break-words\">Compliance with legal regulations<\/li><li class=\"whitespace-normal break-words\">Association member responsibility<\/li><li class=\"whitespace-normal break-words\">Application area<\/li><\/ul><h3 class=\"text-lg font-bold text-text-100 mt-1 -mb-1.5\"><strong>2. ETHICAL ADVERTISING PRINCIPLES<\/strong><\/h3><ul class=\"[&amp;:not(:last-child)_ul]:pb-1 [&amp;:not(:last-child)_ol]:pb-1 list-disc space-y-1.5 pl-7\"><li class=\"whitespace-normal break-words\">Honesty and transparency<\/li><li class=\"whitespace-normal break-words\">Scientific accuracy<\/li><li class=\"whitespace-normal break-words\">Prohibition of misleading information<\/li><li class=\"whitespace-normal break-words\">Exaggerated claims ban<\/li><\/ul><h3 class=\"text-lg font-bold text-text-100 mt-1 -mb-1.5\"><strong>3. PROHIBITED PRACTICES<\/strong><\/h3><ul class=\"[&amp;:not(:last-child)_ul]:pb-1 [&amp;:not(:last-child)_ol]:pb-1 list-disc space-y-1.5 pl-7\"><li class=\"whitespace-normal break-words\">Guarantee and promise of definitive results<\/li><li class=\"whitespace-normal break-words\">Before-after photo restrictions<\/li><li class=\"whitespace-normal break-words\">Limitations of patient testimony<\/li><li class=\"whitespace-normal break-words\">Prohibition of price competition<\/li><\/ul><h3 class=\"text-lg font-bold text-text-100 mt-1 -mb-1.5\"><strong>4. SOCIAL MEDIA RULES<\/strong><\/h3><ul class=\"[&amp;:not(:last-child)_ul]:pb-1 [&amp;:not(:last-child)_ol]:pb-1 list-disc space-y-1.5 pl-7\"><li class=\"whitespace-normal break-words\">Content sharing standards<\/li><li class=\"whitespace-normal break-words\">Patient privacy protection<\/li><li class=\"whitespace-normal break-words\">Interaction and comment management<\/li><li class=\"whitespace-normal break-words\">Influencer collaborations<\/li><\/ul><h3 class=\"text-lg font-bold text-text-100 mt-1 -mb-1.5\"><strong>5. VISUAL AND CONTENT STANDARDS<\/strong><\/h3><ul class=\"[&amp;:not(:last-child)_ul]:pb-1 [&amp;:not(:last-child)_ol]:pb-1 list-disc space-y-1.5 pl-7\"><li class=\"whitespace-normal break-words\">Photo usage rules<\/li><li class=\"whitespace-normal break-words\">Video content requirements<\/li><li class=\"whitespace-normal break-words\">Text content control<\/li><li class=\"whitespace-normal break-words\">Copyright protection<\/li><\/ul><h3 class=\"text-lg font-bold text-text-100 mt-1 -mb-1.5\"><strong>6. LEGAL WARNINGS AND INFORMATION<\/strong><\/h3><ul class=\"[&amp;:not(:last-child)_ul]:pb-1 [&amp;:not(:last-child)_ol]:pb-1 list-disc space-y-1.5 pl-7\"><li class=\"whitespace-normal break-words\">Mandatory legal notices<\/li><li class=\"whitespace-normal break-words\">Risk information<\/li><li class=\"whitespace-normal break-words\">Contact information<\/li><li class=\"whitespace-normal break-words\">License and certification specification<\/li><\/ul><h3 class=\"text-lg font-bold text-text-100 mt-1 -mb-1.5\"><strong>7. ADVERTISING CHANNELS<\/strong><\/h3><ul class=\"[&amp;:not(:last-child)_ul]:pb-1 [&amp;:not(:last-child)_ol]:pb-1 list-disc space-y-1.5 pl-7\"><li class=\"whitespace-normal break-words\">Television and radio rules<\/li><li class=\"whitespace-normal break-words\">Internet and digital platforms<\/li><li class=\"whitespace-normal break-words\">Print media standards<\/li><li class=\"whitespace-normal break-words\">Outdoor advertising<\/li><\/ul><h3 class=\"text-lg font-bold text-text-100 mt-1 -mb-1.5\"><strong>8. AUDIT AND CONTROL<\/strong><\/h3><ul class=\"[&amp;:not(:last-child)_ul]:pb-1 [&amp;:not(:last-child)_ol]:pb-1 list-disc space-y-1.5 pl-7\"><li class=\"whitespace-normal break-words\">Advertising audit process<\/li><li class=\"whitespace-normal break-words\">Complaint evaluation<\/li><li class=\"whitespace-normal break-words\">Breach detection procedures<\/li><li class=\"whitespace-normal break-words\">Correction requests<\/li><\/ul><h3 class=\"text-lg font-bold text-text-100 mt-1 -mb-1.5\"><strong>9. SANCTIONS<\/strong><\/h3><ul class=\"[&amp;:not(:last-child)_ul]:pb-1 [&amp;:not(:last-child)_ol]:pb-1 list-disc space-y-1.5 pl-7\"><li class=\"whitespace-normal break-words\">Warning and caution procedures<\/li><li class=\"whitespace-normal break-words\">Ad blocking powers<\/li><li class=\"whitespace-normal break-words\">Disciplinary penalties<\/li><li class=\"whitespace-normal break-words\">Expulsion from association membership<\/li><\/ul><h3 class=\"text-lg font-bold text-text-100 mt-1 -mb-1.5\"><strong>10. EXCEPTIONS AND SPECIAL CASES<\/strong><\/h3><ul class=\"[&amp;:not(:last-child)_ul]:pb-1 [&amp;:not(:last-child)_ol]:pb-1 list-disc space-y-1.5 pl-7\"><li class=\"whitespace-normal break-words\">Scientific publication shares<\/li><li class=\"whitespace-normal break-words\">Content for educational purposes<\/li><li class=\"whitespace-normal break-words\">Patient information materials<\/li><li class=\"whitespace-normal break-words\">Emergency communications<\/li><\/ul>\t\t\t\t\t\t\t\t<\/div>\n\t\t\t\t<\/div>\n\t\t\t\t\t<\/div>\n\t\t<\/div>\n\t\t\t\t\t<\/div>\n\t\t<\/section>\n\t\t\t\t<\/div>","protected":false},"excerpt":{"rendered":"<p>REKLAM Y\u00d6NETMEL\u0130\u011e\u0130 1. GENEL H\u00dcK\u00dcMLER Reklam tan\u0131m\u0131 ve kapsam\u0131 Yasal d\u00fczenlemelere uyum Dernek \u00fcyesi sorumlulu\u011fu Uygulama alan\u0131 2. ET\u0130K REKLAM \u0130LKELER\u0130 D\u00fcr\u00fcstl\u00fck ve \u015feffafl\u0131k Bilimsel do\u011fruluk Yan\u0131lt\u0131c\u0131 bilgi yasa\u011f\u0131 Abart\u0131l\u0131 iddia yasa\u011f\u0131 3. YASAK UYGULAMALAR Garanti ve kesin sonu\u00e7 vaatleri \u00d6ncesi-sonras\u0131 foto\u011fraf k\u0131s\u0131tlamalar\u0131 Hasta tan\u0131kl\u0131\u011f\u0131 s\u0131n\u0131rlamalar\u0131 Fiyat rekabeti yasa\u011f\u0131 4. SOSYAL MEDYA KURALLARI \u0130\u00e7erik payla\u015f\u0131m&#8230;<\/p>","protected":false},"author":1,"featured_media":0,"parent":0,"menu_order":0,"comment_status":"closed","ping_status":"closed","template":"","meta":{"_acf_changed":false,"footnotes":""},"class_list":["post-6512","page","type-page","status-publish","hentry"],"acf":[],"_links":{"self":[{"href":"https:\/\/sacrehder.org\/en\/wp-json\/wp\/v2\/pages\/6512","targetHints":{"allow":["GET"]}}],"collection":[{"href":"https:\/\/sacrehder.org\/en\/wp-json\/wp\/v2\/pages"}],"about":[{"href":"https:\/\/sacrehder.org\/en\/wp-json\/wp\/v2\/types\/page"}],"author":[{"embeddable":true,"href":"https:\/\/sacrehder.org\/en\/wp-json\/wp\/v2\/users\/1"}],"replies":[{"embeddable":true,"href":"https:\/\/sacrehder.org\/en\/wp-json\/wp\/v2\/comments?post=6512"}],"version-history":[{"count":4,"href":"https:\/\/sacrehder.org\/en\/wp-json\/wp\/v2\/pages\/6512\/revisions"}],"predecessor-version":[{"id":6520,"href":"https:\/\/sacrehder.org\/en\/wp-json\/wp\/v2\/pages\/6512\/revisions\/6520"}],"wp:attachment":[{"href":"https:\/\/sacrehder.org\/en\/wp-json\/wp\/v2\/media?parent=6512"}],"curies":[{"name":"wp","href":"https:\/\/api.w.org\/{rel}","templated":true}]}}