{"id":6473,"date":"2025-06-25T10:12:33","date_gmt":"2025-06-25T10:12:33","guid":{"rendered":"https:\/\/sacrehder.org\/?page_id=6473"},"modified":"2025-06-28T09:36:33","modified_gmt":"2025-06-28T09:36:33","slug":"egitim-kurulu","status":"publish","type":"page","link":"https:\/\/sacrehder.org\/en\/egitim-kurulu\/","title":{"rendered":"Education Board"},"content":{"rendered":"<div data-elementor-type=\"wp-post\" data-elementor-id=\"6473\" class=\"elementor elementor-6473\">\n\t\t\t\t\t\t<section class=\"elementor-section elementor-top-section elementor-element elementor-element-bce1f9d elementor-section-boxed elementor-section-height-default elementor-section-height-default\" data-id=\"bce1f9d\" data-element_type=\"section\">\n\t\t\t\t\t\t<div class=\"elementor-container elementor-column-gap-default\">\n\t\t\t\t\t<div class=\"elementor-column elementor-col-100 elementor-top-column elementor-element elementor-element-77deeba\" data-id=\"77deeba\" data-element_type=\"column\">\n\t\t\t<div class=\"elementor-widget-wrap elementor-element-populated\">\n\t\t\t\t\t\t<div class=\"elementor-element elementor-element-6b2b8a6 elementor-widget elementor-widget-html\" data-id=\"6b2b8a6\" data-element_type=\"widget\" data-widget_type=\"html.default\">\n\t\t\t\t<div class=\"elementor-widget-container\">\n\t\t\t\t\t<!DOCTYPE html>\n<html lang=\"tr\">\n<head>\n    <meta charset=\"UTF-8\">\n    <meta name=\"viewport\" content=\"width=device-width, initial-scale=1.0\">\n    <title>E\u011fitim Kurulu<\/title>\n    <style>\n        * {\n            margin: 0;\n            padding: 0;\n            box-sizing: border-box;\n        }\n\n        body {\n            font-family: 'Segoe UI', Tahoma, Geneva, Verdana, sans-serif;\n            background: #f5f5f5;\n            padding: 40px 20px;\n            min-height: 100vh;\n        }\n\n        .mx7k2p9 {\n            max-width: 1400px;\n            margin: 0 auto;\n            text-align: center;\n        }\n\n        .qw8n5r1 {\n            font-size: 2.5rem;\n            color: #333;\n            margin-bottom: 50px;\n            font-weight: 600;\n        }\n\n        .lt4v9x3 {\n            display: grid;\n            grid-template-columns: repeat(4, 1fr);\n            gap: 25px;\n            padding: 0 20px;\n            justify-items: center;\n        }\n\n        .bn2m8k5 {\n            background: white;\n            border-radius: 8px;\n            overflow: hidden;\n            transition: all 0.3s ease;\n            cursor: pointer;\n            box-shadow: 0 2px 10px rgba(0, 0, 0, 0.1);\n            position: relative;\n            max-width: 350px;\n            width: 100%;\n        }\n\n        .bn2m8k5:hover {\n            transform: translateY(-5px);\n            box-shadow: 0 8px 25px rgba(0, 0, 0, 0.15);\n        }\n\n        .fy6p3j8 {\n            width: 100%;\n            height: 280px;\n            position: relative;\n            overflow: hidden;\n            background: #e9ecef;\n        }\n\n        .zx9w4t7 {\n            width: 100%;\n            height: 100%;\n            object-fit: cover;\n            object-position: center top;\n            transition: all 0.4s ease;\n        }\n\n        .bn2m8k5:hover .zx9w4t7 {\n            transform: scale(1.05);\n        }\n\n        .hg5r2n1 {\n            padding: 25px 20px;\n            text-align: center;\n            background: white;\n        }\n\n        .ue8k7m4 {\n            font-size: 22px;\n            font-weight: 700;\n            color: #333;\n            margin-bottom: 8px;\n            line-height: 1.3;\n        }\n\n        .pd9s6l3 {\n            font-size: 16px;\n            color: #666;\n            font-weight: 400;\n            margin-bottom: 0;\n        }\n\n        .aj4c8n2 {\n            position: absolute;\n            top: 15px;\n            left: 15px;\n            width: 32px;\n            height: 32px;\n            background: rgba(255, 255, 255, 0.9);\n            color: #333;\n            border-radius: 50%;\n            display: flex;\n            align-items: center;\n            justify-content: center;\n            font-weight: 600;\n            font-size: 14px;\n            backdrop-filter: blur(10px);\n            z-index: 2;\n        }\n\n        \/* \u00d6zel renkli arka planlar *\/\n        .bn2m8k5:nth-child(1) .fy6p3j8 { background: linear-gradient(135deg, #667eea 0%, #764ba2 100%); }\n        .bn2m8k5:nth-child(2) .fy6p3j8 { background: linear-gradient(135deg, #f093fb 0%, #f5576c 100%); }\n        .bn2m8k5:nth-child(3) .fy6p3j8 { background: linear-gradient(135deg, #4facfe 0%, #00f2fe 100%); }\n        .bn2m8k5:nth-child(4) .fy6p3j8 { background: linear-gradient(135deg, #43e97b 0%, #38f9d7 100%); }\n\n        \/* Responsive *\/\n        @media (max-width: 1200px) {\n            .lt4v9x3 {\n                grid-template-columns: repeat(3, 1fr);\n            }\n        }\n\n        @media (max-width: 768px) {\n            .lt4v9x3 {\n                grid-template-columns: repeat(2, 1fr);\n                gap: 20px;\n                padding: 0 10px;\n            }\n\n            .fy6p3j8 {\n                height: 240px;\n            }\n\n            .ue8k7m4 {\n                font-size: 18px;\n            }\n\n            .pd9s6l3 {\n                font-size: 14px;\n            }\n\n            .qw8n5r1 {\n                font-size: 2rem;\n                margin-bottom: 30px;\n            }\n\n            .hg5r2n1 {\n                padding: 20px 15px;\n            }\n        }\n\n        @media (max-width: 480px) {\n            .lt4v9x3 {\n                grid-template-columns: 1fr;\n            }\n            \n            .fy6p3j8 {\n                height: 300px;\n            }\n        }\n\n        \/* Loading animasyonu *\/\n        .bn2m8k5 {\n            animation: kj7m2p9 0.6s ease-out forwards;\n            opacity: 0;\n            transform: translateY(30px);\n        }\n\n        .bn2m8k5:nth-child(1) { animation-delay: 0.1s; }\n        .bn2m8k5:nth-child(2) { animation-delay: 0.2s; }\n        .bn2m8k5:nth-child(3) { animation-delay: 0.3s; }\n        .bn2m8k5:nth-child(4) { animation-delay: 0.4s; }\n\n        @keyframes kj7m2p9 {\n            to {\n                opacity: 1;\n                transform: translateY(0);\n            }\n        }\n\n        \/* Overlay efekti *\/\n        .fy6p3j8::before {\n            content: '';\n            position: absolute;\n            top: 0;\n            left: 0;\n            right: 0;\n            bottom: 0;\n            background: rgba(0, 0, 0, 0.1);\n            opacity: 0;\n            transition: all 0.3s ease;\n            z-index: 1;\n        }\n\n        .bn2m8k5:hover .fy6p3j8::before {\n            opacity: 1;\n        }\n    <\/style>\n<\/head>\n<body>\n    <div class=\"mx7k2p9\">\n        <h1 class=\"qw8n5r1\">Education Board<\/h1>\n        \n        <div class=\"lt4v9x3\">\n            <!-- Ba\u015fkan -->\n            <div class=\"bn2m8k5\">\n                <div class=\"aj4c8n2\">1<\/div>\n                <div class=\"fy6p3j8\">\n                    <img decoding=\"async\" src=\"https:\/\/sacrehder.org\/wp-content\/uploads\/2025\/06\/mehmeterdogan-scaled.png\" alt=\"Mehmet Erdo\u011fan\" class=\"zx9w4t7\">\n                <\/div>\n                <div class=\"hg5r2n1\">\n                    <h3 class=\"ue8k7m4\">Prof. Dr. Mehmet ERDO\u011eAN<\/h3>\n                    <div class=\"pd9s6l3\">Head of Education Board<\/div>\n                <\/div>\n            <\/div>\n\n            <!-- Koordinat\u00f6r -->\n            <div class=\"bn2m8k5\">\n                <div class=\"aj4c8n2\">2<\/div>\n                <div class=\"fy6p3j8\">\n                    <img decoding=\"async\" src=\"https:\/\/sacrehder.org\/wp-content\/uploads\/2025\/06\/fadilbalvi.webp\" alt=\"Fad\u0131l Balvi\" class=\"zx9w4t7\">\n                <\/div>\n                <div class=\"hg5r2n1\">\n                    <h3 class=\"ue8k7m4\">Dr. Fad\u0131l BALV\u0130<\/h3>\n                    <div class=\"pd9s6l3\">Education Coordinator<\/div>\n                <\/div>\n            <\/div>\n\n            <!-- E\u011fitim Sorumlusu -->\n            <div class=\"bn2m8k5\">\n                <div class=\"aj4c8n2\">3<\/div>\n                <div class=\"fy6p3j8\">\n                    <img decoding=\"async\" src=\"https:\/\/sacrehder.org\/wp-content\/uploads\/2025\/06\/resulyaman.jpg\" alt=\"Resul Yaman\" class=\"zx9w4t7\">\n                <\/div>\n                <div class=\"hg5r2n1\">\n                    <h3 class=\"ue8k7m4\">Dr. Resul YAMAN<\/h3>\n                    <div class=\"pd9s6l3\">Education Manager<\/div>\n                <\/div>\n            <\/div>\n\n            <!-- Akademik Koordinat\u00f6r -->\n            <div class=\"bn2m8k5\">\n                <div class=\"aj4c8n2\">4<\/div>\n                <div class=\"fy6p3j8\">\n                    <img decoding=\"async\" src=\"https:\/\/sacrehder.org\/wp-content\/uploads\/2025\/06\/dralparslan.jpg\" alt=\"Alp Arslan\" class=\"zx9w4t7\">\n                <\/div>\n                <div class=\"hg5r2n1\">\n                    <h3 class=\"ue8k7m4\">Dr. Alp ARSLAN<\/h3>\n                    <div class=\"pd9s6l3\">Academic Coordinator<\/div>\n                <\/div>\n            <\/div>\n        <\/div>\n    <\/div>\n<\/body>\n<\/html>\t\t\t\t<\/div>\n\t\t\t\t<\/div>\n\t\t\t\t\t<\/div>\n\t\t<\/div>\n\t\t\t\t\t<\/div>\n\t\t<\/section>\n\t\t\t\t<\/div>","protected":false},"excerpt":{"rendered":"<p>E\u011fitim Kurulu E\u011fitim Kurulu 1 Prof. Dr. Mehmet ERDO\u011eAN E\u011fitim Kurulu Ba\u015fkan\u0131 2 Dr. Fad\u0131l BALV\u0130 E\u011fitim Koordinat\u00f6r\u00fc 3 Dr. Resul YAMAN E\u011fitim Sorumlusu 4 Dr. Alp ARSLAN Akademik Koordinat\u00f6r<\/p>","protected":false},"author":1,"featured_media":0,"parent":0,"menu_order":0,"comment_status":"closed","ping_status":"closed","template":"","meta":{"_acf_changed":false,"footnotes":""},"class_list":["post-6473","page","type-page","status-publish","hentry"],"acf":[],"_links":{"self":[{"href":"https:\/\/sacrehder.org\/en\/wp-json\/wp\/v2\/pages\/6473","targetHints":{"allow":["GET"]}}],"collection":[{"href":"https:\/\/sacrehder.org\/en\/wp-json\/wp\/v2\/pages"}],"about":[{"href":"https:\/\/sacrehder.org\/en\/wp-json\/wp\/v2\/types\/page"}],"author":[{"embeddable":true,"href":"https:\/\/sacrehder.org\/en\/wp-json\/wp\/v2\/users\/1"}],"replies":[{"embeddable":true,"href":"https:\/\/sacrehder.org\/en\/wp-json\/wp\/v2\/comments?post=6473"}],"version-history":[{"count":11,"href":"https:\/\/sacrehder.org\/en\/wp-json\/wp\/v2\/pages\/6473\/revisions"}],"predecessor-version":[{"id":6534,"href":"https:\/\/sacrehder.org\/en\/wp-json\/wp\/v2\/pages\/6473\/revisions\/6534"}],"wp:attachment":[{"href":"https:\/\/sacrehder.org\/en\/wp-json\/wp\/v2\/media?parent=6473"}],"curies":[{"name":"wp","href":"https:\/\/api.w.org\/{rel}","templated":true}]}}