{"id":6433,"date":"2025-06-25T09:32:24","date_gmt":"2025-06-25T09:32:24","guid":{"rendered":"https:\/\/sacrehder.org\/?page_id=6433"},"modified":"2025-07-17T12:07:15","modified_gmt":"2025-07-17T12:07:15","slug":"egitim-icerikleri","status":"publish","type":"page","link":"https:\/\/sacrehder.org\/en\/egitim-icerikleri\/","title":{"rendered":"Education Content"},"content":{"rendered":"<div data-elementor-type=\"wp-post\" data-elementor-id=\"6433\" class=\"elementor elementor-6433\">\n\t\t\t\t\t\t<section class=\"elementor-section elementor-top-section elementor-element elementor-element-0eb198c elementor-section-boxed elementor-section-height-default elementor-section-height-default\" data-id=\"0eb198c\" data-element_type=\"section\">\n\t\t\t\t\t\t<div class=\"elementor-container elementor-column-gap-default\">\n\t\t\t\t\t<div class=\"elementor-column elementor-col-100 elementor-top-column elementor-element elementor-element-c55b3a7\" data-id=\"c55b3a7\" data-element_type=\"column\">\n\t\t\t<div class=\"elementor-widget-wrap elementor-element-populated\">\n\t\t\t\t\t\t<div class=\"elementor-element elementor-element-f08aaff elementor-widget elementor-widget-text-editor\" data-id=\"f08aaff\" data-element_type=\"widget\" data-widget_type=\"text-editor.default\">\n\t\t\t\t<div class=\"elementor-widget-container\">\n\t\t\t\t\t\t\t\t\t&nbsp;\n\n<style>\n        \/* SA\u00c7REHDER E\u011fitim Programlar\u0131 CSS *\/\n\n        body {\n            margin: 0;\n            padding: 20px;\n            font-family: 'Segoe UI', Tahoma, Geneva, Verdana, sans-serif;\n            background: transparent;\n            min-height: 100vh;\n        }\n\n        .sacrehder-container {\n            background: transparent;\n            border-radius: 20px;\n            padding: 60px 50px;\n            margin: 20px auto;\n            max-width: 1200px;\n            position: relative;\n            width: 100%;\n            box-sizing: border-box;\n        }\n\n        .sacrehder-container * {\n            font-size: inherit !important;\n        }\n\n        .sacrehder-main-title {\n            font-size: 3.5rem !important;\n            font-weight: 700;\n            color: #2c3e50;\n            text-align: center;\n            margin: 0 0 50px 0;\n            position: relative;\n            text-transform: uppercase;\n            letter-spacing: 1px;\n            line-height: 1.2 !important;\n        }\n\n        .sacrehder-main-title::after {\n            content: '';\n            display: block;\n            width: 120px;\n            height: 4px;\n            background: linear-gradient(90deg, #667eea, #764ba2);\n            margin: 20px auto;\n            border-radius: 2px;\n        }\n\n        .sacrehder-section-title {\n            font-size: 2.4rem !important;\n            font-weight: 700;\n            color: #34495e;\n            margin: 50px 0 30px 0;\n            position: relative;\n            padding-left: 25px;\n            line-height: 1.3 !important;\n            text-transform: uppercase;\n            letter-spacing: 0.5px;\n        }\n\n        .sacrehder-section-title::before {\n            content: '';\n            position: absolute;\n            left: 0;\n            top: 50%;\n            transform: translateY(-50%);\n            width: 8px;\n            height: 35px;\n            background: linear-gradient(180deg, #667eea, #764ba2);\n            border-radius: 4px;\n        }\n\n        .sacrehder-course-card {\n            background: linear-gradient(135deg, #f8f9fa 0%, #e9ecef 100%);\n            border-radius: 15px;\n            padding: 30px;\n            margin: 25px 0;\n            position: relative;\n            overflow: hidden;\n            border-left: 6px solid #667eea;\n            box-shadow: 0 4px 15px rgba(0,0,0,0.1);\n        }\n\n        .sacrehder-course-card::before {\n            content: '';\n            position: absolute;\n            top: -50%;\n            right: -50%;\n            width: 100%;\n            height: 100%;\n            background: radial-gradient(circle, rgba(102, 126, 234, 0.08) 0%, transparent 70%);\n            transform: rotate(45deg);\n        }\n\n        .sacrehder-course-title {\n            font-size: 1.8rem !important;\n            font-weight: 600;\n            color: #2c3e50;\n            margin: 0 0 15px 0;\n            position: relative;\n            line-height: 1.3 !important;\n        }\n\n        .sacrehder-course-info {\n            font-size: 1.4rem !important;\n            margin-bottom: 15px;\n            color: #555;\n            line-height: 1.5 !important;\n        }\n\n        .sacrehder-course-info strong {\n            color: #667eea;\n            font-weight: 600;\n        }\n\n        .sacrehder-course-content-label {\n            font-size: 1.4rem !important;\n            font-weight: 600;\n            color: #34495e;\n            margin: 20px 0 10px 0;\n            line-height: 1.4 !important;\n        }\n\n        .sacrehder-course-list {\n            list-style: none;\n            margin: 15px 0;\n            padding-left: 0;\n        }\n\n        .sacrehder-course-list-item {\n            position: relative;\n            padding: 12px 0 12px 35px;\n            margin-bottom: 8px;\n            background: rgba(102, 126, 234, 0.08);\n            border-radius: 8px;\n            transition: all 0.3s ease;\n            border-left: 3px solid transparent;\n            font-size: 1.3rem !important;\n            line-height: 1.5 !important;\n            color: #555;\n        }\n\n        .sacrehder-course-list-item:hover {\n            background: rgba(102, 126, 234, 0.15);\n            border-left-color: #667eea;\n        }\n\n        .sacrehder-course-list-item::before {\n            content: '\ud83d\udcda';\n            position: absolute;\n            left: 10px;\n            top: 50%;\n            transform: translateY(-50%);\n            font-size: 1.1rem;\n        }\n\n        \/* Uzmanla\u015fma kartlar\u0131 i\u00e7in farkl\u0131 renkler *\/\n        .sacrehder-specialization-card {\n            background: linear-gradient(135deg, #e8f5e8 0%, #d4edda 100%);\n            border-left-color: #28a745;\n        }\n\n        .sacrehder-specialization-card .sacrehder-course-list-item::before {\n            content: '\ud83c\udfaf';\n        }\n\n        \/* S\u00fcrekli e\u011fitim kartlar\u0131 *\/\n        .sacrehder-continuous-card {\n            background: linear-gradient(135deg, #fff3cd 0%, #ffeaa7 100%);\n            border-left-color: #ffc107;\n        }\n\n        .sacrehder-continuous-card .sacrehder-course-list-item::before {\n            content: '\ud83d\udd04';\n        }\n\n        \/* Sertifikasyon kartlar\u0131 *\/\n        .sacrehder-certification-card {\n            background: linear-gradient(135deg, #d1ecf1 0%, #bee5eb 100%);\n            border-left-color: #17a2b8;\n        }\n\n        .sacrehder-certification-card .sacrehder-course-list-item::before {\n            content: '\ud83c\udfc6';\n        }\n\n        \/* Kaynak kartlar\u0131 *\/\n        .sacrehder-resource-card {\n            background: linear-gradient(135deg, #f8d7da 0%, #f5c6cb 100%);\n            border-left-color: #dc3545;\n        }\n\n        .sacrehder-resource-card .sacrehder-course-list-item::before {\n            content: '\ud83d\udcd6';\n        }\n\n        \/* \u00d6zel liste t\u00fcrleri *\/\n        .sacrehder-simple-list {\n            list-style: none;\n            margin: 20px 0;\n            padding-left: 0;\n        }\n\n        .sacrehder-simple-list-item {\n            position: relative;\n            padding: 10px 0 10px 30px;\n            margin-bottom: 6px;\n            font-size: 1.3rem !important;\n            line-height: 1.5 !important;\n            color: #555;\n        }\n\n        .sacrehder-simple-list-item::before {\n            content: '\u2713';\n            position: absolute;\n            left: 8px;\n            top: 50%;\n            transform: translateY(-50%);\n            color: #28a745;\n            font-weight: bold;\n            font-size: 1.2rem;\n        }\n\n        .sacrehder-highlight-box {\n            background: linear-gradient(135deg, #667eea 0%, #764ba2 100%);\n            color: white;\n            padding: 25px;\n            border-radius: 12px;\n            margin: 30px 0;\n            text-align: center;\n            position: relative;\n            overflow: hidden;\n        }\n\n        .sacrehder-highlight-box::before {\n            content: '';\n            position: absolute;\n            top: -50%;\n            left: -50%;\n            width: 200%;\n            height: 200%;\n            background: radial-gradient(circle, rgba(255, 255, 255, 0.1) 0%, transparent 70%);\n            animation: rotate 20s linear infinite;\n        }\n\n        .sacrehder-highlight-box p {\n            font-size: 1.5rem !important;\n            line-height: 1.6 !important;\n            margin: 0;\n            position: relative;\n            z-index: 1;\n        }\n\n        .sacrehder-divider {\n            border: none;\n            height: 3px;\n            background: linear-gradient(90deg, transparent 0%, #667eea 50%, transparent 100%);\n            margin: 50px auto;\n            width: 80%;\n            border-radius: 2px;\n        }\n\n        \/* Progress indicators *\/\n        .sacrehder-progress-indicator {\n            display: inline-block;\n            padding: 5px 12px;\n            background: rgba(102, 126, 234, 0.1);\n            color: #667eea;\n            border-radius: 20px;\n            font-size: 1rem !important;\n            font-weight: 600;\n            margin-left: 10px;\n        }\n\n        @keyframes rotate {\n            0% { transform: rotate(0deg); }\n            100% { transform: rotate(360deg); }\n        }\n\n        @media (max-width: 768px) {\n            .sacrehder-container {\n                padding: 35px 25px;\n                margin: 10px;\n            }\n\n            .sacrehder-main-title {\n                font-size: 2.5rem !important;\n            }\n\n            .sacrehder-section-title {\n                font-size: 2rem !important;\n                padding-left: 20px;\n            }\n\n            .sacrehder-course-title {\n                font-size: 1.5rem !important;\n            }\n\n            .sacrehder-course-info,\n            .sacrehder-course-content-label,\n            .sacrehder-course-list-item,\n            .sacrehder-simple-list-item {\n                font-size: 1.1rem !important;\n            }\n\n            .sacrehder-course-card {\n                padding: 20px;\n            }\n        }\n    <\/style>\n\n<div class=\"sacrehder-container\">\n<h1 class=\"sacrehder-main-title\">E\u011fitim Programlar\u0131<\/h1>\n\n<h2 class=\"sacrehder-section-title\">Temel E\u011fitim Programlar\u0131<\/h2>\n\n<div class=\"sacrehder-course-card\">\n<h3 class=\"sacrehder-course-title\">1.Introduction to Hair Restoration Course<\/h3>\n<p class=\"sacrehder-course-info\"><strong>S\u00fcre:<\/strong> 40 saat (5 g\u00fcn) <span class=\"sacrehder-progress-indicator\">Ba\u015flang\u0131\u00e7<\/span><br><strong>Hedef:<\/strong> Sa\u00e7 restorasyonu alan\u0131na yeni ba\u015flayanlar<\/p>\n<p class=\"sacrehder-course-content-label\"><strong>Content:<\/strong><\/p>\n<ul class=\"sacrehder-course-list\">\n \t<li class=\"sacrehder-course-list-item\">Hair anatomy and physiology<\/li>\n \t<li class=\"sacrehder-course-list-item\">Types and causes of hair loss<\/li>\n \t<li class=\"sacrehder-course-list-item\">Hamilton-Norwood and Ludwig classification<\/li>\n \t<li class=\"sacrehder-course-list-item\">Diagnostic methods and patient evaluation<\/li>\n \t<li class=\"sacrehder-course-list-item\">Medical treatment options<\/li>\n \t<li class=\"sacrehder-course-list-item\">Introduction to surgical treatment methods<\/li>\n \t<li class=\"sacrehder-course-list-item\">Patient selection criteria<\/li>\n \t<li class=\"sacrehder-course-list-item\">Ethical rules and patient rights<\/li>\n \t<li class=\"sacrehder-course-list-item\">Legal responsibilities and malpractice<\/li>\n \t<li class=\"sacrehder-course-list-item\">Basic surgical principles<\/li>\n<\/ul>\n<\/div>\n\n<div class=\"sacrehder-course-card\">\n<h3 class=\"sacrehder-course-title\">2.FUE Technique Specialization Course<\/h3>\n<p class=\"sacrehder-course-info\"><strong>S\u00fcre:<\/strong> 80 saat (10 g\u00fcn) <span class=\"sacrehder-progress-indicator\">\u0130leri<\/span><br><strong>\u00d6n \u015eart:<\/strong> Temel kurs tamamlanm\u0131\u015f olmal\u0131<\/p>\n<p class=\"sacrehder-course-content-label\"><strong>Content:<\/strong><\/p>\n<ul class=\"sacrehder-course-list\">\n \t<li class=\"sacrehder-course-list-item\">History and Development of the FUE Technique<\/li>\n \t<li class=\"sacrehder-course-list-item\">Types of Punches and Their Selection<\/li>\n \t<li class=\"sacrehder-course-list-item\">Motorized and Manual Extraction Techniques<\/li>\n \t<li class=\"sacrehder-course-list-item\">Graft Quality Assessment<\/li>\n \t<li class=\"sacrehder-course-list-item\">Donor Area Management and Planning<\/li>\n \t<li class=\"sacrehder-course-list-item\">Recipient Area Preparation and Design<\/li>\n \t<li class=\"sacrehder-course-list-item\">Incision (Channel) Opening Techniques<\/li>\n \t<li class=\"sacrehder-course-list-item\">Graft Placement and Preservation<\/li>\n \t<li class=\"sacrehder-course-list-item\">Principles of Natural Appearance<\/li>\n \t<li class=\"sacrehder-course-list-item\">Complications and Their Management<\/li>\n \t<li class=\"sacrehder-course-list-item\">Post-operative Care and Follow-up<\/li>\n<\/ul>\n<\/div>\n\n<div class=\"sacrehder-course-card\">\n<h3 class=\"sacrehder-course-title\">3. DHI (Direct Hair Implantation) Course<\/h3>\n<p class=\"sacrehder-course-info\"><strong>S\u00fcre:<\/strong> 60 saat (8 g\u00fcn) <span class=\"sacrehder-progress-indicator\">\u0130leri<\/span><br><strong>\u00d6n \u015eart:<\/strong> FUE kursu tamamlanm\u0131\u015f olmal\u0131<\/p>\n<p class=\"sacrehder-course-content-label\"><strong>Content:<\/strong><\/p>\n<ul class=\"sacrehder-course-list\">\n \t<li class=\"sacrehder-course-list-item\">Fundamentals of the DHI Technique<\/li>\n \t<li class=\"sacrehder-course-list-item\">Use of the Choi Implanter<\/li>\n \t<li class=\"sacrehder-course-list-item\">Graft Preparation and Loading<\/li>\n \t<li class=\"sacrehder-course-list-item\">Angle and Direction Determination Techniques<\/li>\n \t<li class=\"sacrehder-course-list-item\">Density Calculation<\/li>\n \t<li class=\"sacrehder-course-list-item\">DHI vs. FUE Comparison<\/li>\n \t<li class=\"sacrehder-course-list-item\">Advanced DHI Techniques<\/li>\n \t<li class=\"sacrehder-course-list-item\">Hairline Design<\/li>\n \t<li class=\"sacrehder-course-list-item\">Live Surgery Practice<\/li>\n<\/ul>\n<\/div>\n\n<hr class=\"sacrehder-divider\" \/>\n\n<h2 class=\"sacrehder-section-title\">Uzmanla\u015fma E\u011fitimleri<\/h2>\n\n<div class=\"sacrehder-course-card sacrehder-specialization-card\">\n<h3 class=\"sacrehder-course-title\">4. Female Hair Loss Treatment<\/h3>\n<p class=\"sacrehder-course-info\"><strong>S\u00fcre:<\/strong> 24 saat (3 g\u00fcn) <span class=\"sacrehder-progress-indicator\">Uzman<\/span><\/p>\n<p class=\"sacrehder-course-content-label\"><strong>Content:<\/strong><\/p>\n<ul class=\"sacrehder-course-list\">\n \t<li class=\"sacrehder-course-list-item\">Characteristics of Female Pattern Hair Loss<\/li>\n \t<li class=\"sacrehder-course-list-item\">Hormonal Factors<\/li>\n \t<li class=\"sacrehder-course-list-item\">Diagnosis and Evaluation<\/li>\n \t<li class=\"sacrehder-course-list-item\">Diagnosis and Evaluation<\/li>\n \t<li class=\"sacrehder-course-list-item\">Special Techniques and Approaches<\/li>\n<\/ul>\n<\/div>\n\n<div class=\"sacrehder-course-card sacrehder-specialization-card\">\n<h3 class=\"sacrehder-course-title\">5. Beard and Eyebrow Restoration<\/h3>\n<p class=\"sacrehder-course-info\"><strong>S\u00fcre:<\/strong> 16 saat (2 g\u00fcn) <span class=\"sacrehder-progress-indicator\">Uzman<\/span><\/p>\n<p class=\"sacrehder-course-content-label\"><strong>Content:<\/strong><\/p>\n<ul class=\"sacrehder-course-list\">\n \t<li class=\"sacrehder-course-list-item\">Facial Anatomy<\/li>\n \t<li class=\"sacrehder-course-list-item\">Principles of Beard Design<\/li>\n \t<li class=\"sacrehder-course-list-item\">Eyebrow Shaping<\/li>\n \t<li class=\"sacrehder-course-list-item\">Special Techniques<\/li>\n \t<li class=\"sacrehder-course-list-item\">Aesthetic Approaches<\/li>\n<\/ul>\n<\/div>\n\n<div class=\"sacrehder-course-card sacrehder-specialization-card\">\n<h3 class=\"sacrehder-course-title\">6. Revision Surgery<\/h3>\n<p class=\"sacrehder-course-info\"><strong>S\u00fcre:<\/strong> 32 saat (4 g\u00fcn) <span class=\"sacrehder-progress-indicator\">Uzman<\/span><\/p>\n<p class=\"sacrehder-course-content-label\"><strong>Content:<\/strong><\/p>\n<ul class=\"sacrehder-course-list\">\n \t<li class=\"sacrehder-course-list-item\">Assessment of Failed Hair Transplant Procedures<\/li>\n \t<li class=\"sacrehder-course-list-item\">Scar Correction<\/li>\n \t<li class=\"sacrehder-course-list-item\">Donor Area Repair<\/li>\n \t<li class=\"sacrehder-course-list-item\">Revision Planning<\/li>\n \t<li class=\"sacrehder-course-list-item\">Advanced Surgical Techniques<\/li>\n<\/ul>\n<\/div>\n\n<hr class=\"sacrehder-divider\" \/>\n\n<h2 class=\"sacrehder-section-title\">S\u00fcrekli E\u011fitim Programlar\u0131<\/h2>\n\n<div class=\"sacrehder-course-card sacrehder-continuous-card\">\n<h3 class=\"sacrehder-course-title\">Weekly Online Seminars<\/h3>\n<ul class=\"sacrehder-course-list\">\n \t<li class=\"sacrehder-course-list-item\">Current Literature Discussions<\/li>\n \t<li class=\"sacrehder-course-list-item\">Case Presentations<\/li>\n \t<li class=\"sacrehder-course-list-item\">Technical Tips<\/li>\n \t<li class=\"sacrehder-course-list-item\">Expert Speakers<\/li>\n<\/ul>\n<\/div>\n\n<div class=\"sacrehder-course-card sacrehder-continuous-card\">\n<h3 class=\"sacrehder-course-title\">Monthly Practical Workshops<\/h3>\n<ul class=\"sacrehder-course-list\">\n \t<li class=\"sacrehder-course-list-item\">Hands-on Trainings<\/li>\n \t<li class=\"sacrehder-course-list-item\">Live Surgery Observation<\/li>\n \t<li class=\"sacrehder-course-list-item\">Introduction of New Techniques<\/li>\n \t<li class=\"sacrehder-course-list-item\">Device Usage Trainings<\/li>\n<\/ul>\n<\/div>\n\n<div class=\"sacrehder-course-card sacrehder-continuous-card\">\n<h3 class=\"sacrehder-course-title\">Annual Update Course<\/h3>\n<ul class=\"sacrehder-course-list\">\n \t<li class=\"sacrehder-course-list-item\">40-Hour Mandatory Training<\/li>\n \t<li class=\"sacrehder-course-list-item\">Certificate Renewal Requirement<\/li>\n \t<li class=\"sacrehder-course-list-item\">Latest Developments<\/li>\n \t<li class=\"sacrehder-course-list-item\">Research Findings<\/li>\n<\/ul>\n<\/div>\n\n<hr class=\"sacrehder-divider\" \/>\n\n<h2 class=\"sacrehder-section-title\">Sertifikasyon Sistemi<\/h2>\n\n<div class=\"sacrehder-course-card sacrehder-certification-card\">\n<h3 class=\"sacrehder-course-title\">Basic Certificate<\/h3>\n<ul class=\"sacrehder-simple-list\">\n \t<li class=\"sacrehder-simple-list-item\">Introductory Course + 40 Hours of Theory<\/li>\n \t<li class=\"sacrehder-simple-list-item\">Written Exam (Minimum 70%)<\/li>\n \t<li class=\"sacrehder-simple-list-item\">Practical Assessment<\/li>\n<\/ul>\n<\/div>\n\n<div class=\"sacrehder-course-card sacrehder-certification-card\">\n<h3 class=\"sacrehder-course-title\">Expert Certificate<\/h3>\n<ul class=\"sacrehder-simple-list\">\n \t<li class=\"sacrehder-simple-list-item\">Completion of FUE + DHI Courses Required<\/li>\n \t<li class=\"sacrehder-simple-list-item\">100 Case Experience<\/li>\n \t<li class=\"sacrehder-simple-list-item\">10 Surgeries Under Supervision<\/li>\n \t<li class=\"sacrehder-simple-list-item\">Comprehensive Examination<\/li>\n<\/ul>\n<\/div>\n\n<div class=\"sacrehder-course-card sacrehder-certification-card\">\n<h3 class=\"sacrehder-course-title\">Instructor Certificate<\/h3>\n<ul class=\"sacrehder-simple-list\">\n \t<li class=\"sacrehder-simple-list-item\">Expert Certificate + 5 Years of Experience<\/li>\n \t<li class=\"sacrehder-simple-list-item\">Pedagogy Training<\/li>\n \t<li class=\"sacrehder-simple-list-item\">Presentation Skills Assessment<\/li>\n \t<li class=\"sacrehder-simple-list-item\">Continuous Education Requirement<\/li>\n<\/ul>\n<\/div>\n\n<hr class=\"sacrehder-divider\" \/>\n\n<h2 class=\"sacrehder-section-title\">E\u011fitim Materyalleri ve Kaynaklar<\/h2>\n\n<div class=\"sacrehder-course-card sacrehder-resource-card\">\n<h3 class=\"sacrehder-course-title\">Digital Library<\/h3>\n<ul class=\"sacrehder-course-list\">\n \t<li class=\"sacrehder-course-list-item\">Archive of Current Articles<\/li>\n \t<li class=\"sacrehder-course-list-item\">Video Training Collection<\/li>\n \t<li class=\"sacrehder-course-list-item\">E-books and Guides<\/li>\n \t<li class=\"sacrehder-course-list-item\">Case Studies<\/li>\n \t<li class=\"sacrehder-course-list-item\">Question Bank<\/li>\n<\/ul>\n<\/div>\n\n<div class=\"sacrehder-course-card sacrehder-resource-card\">\n<h3 class=\"sacrehder-course-title\">Practical Training Tools<\/h3>\n<ul class=\"sacrehder-course-list\">\n \t<li class=\"sacrehder-course-list-item\">Cadaver Lab<\/li>\n \t<li class=\"sacrehder-course-list-item\">Simulation Models<\/li>\n \t<li class=\"sacrehder-course-list-item\">Live Surgery Recordings<\/li>\n \t<li class=\"sacrehder-course-list-item\">Interactive Software<\/li>\n<\/ul>\n<\/div>\n\n<div class=\"sacrehder-course-card sacrehder-resource-card\">\n<h3 class=\"sacrehder-course-title\">Assessment and Evaluation<\/h3>\n<ul class=\"sacrehder-course-list\">\n \t<li class=\"sacrehder-course-list-item\">Online Test System<\/li>\n \t<li class=\"sacrehder-course-list-item\">Practical Skill Assessment<\/li>\n \t<li class=\"sacrehder-course-list-item\">360-Degree Evaluation<\/li>\n \t<li class=\"sacrehder-course-list-item\">Continuous Development Tracking<\/li>\n<\/ul>\n<\/div>\n\n<div class=\"sacrehder-highlight-box\">\n<p>This training system is designed to raise hair restoration standards in Turkey and train qualified specialists in line with the objectives outlined in the association's bylaws.<\/p>\n<\/div>\n\n<\/div>\n&nbsp;\t\t\t\t\t\t\t\t<\/div>\n\t\t\t\t<\/div>\n\t\t\t\t\t<\/div>\n\t\t<\/div>\n\t\t\t\t\t<\/div>\n\t\t<\/section>\n\t\t\t\t<\/div>","protected":false},"excerpt":{"rendered":"<p>&nbsp; E\u011fitim Programlar\u0131 Temel E\u011fitim Programlar\u0131 1. Sa\u00e7 Restorasyonuna Giri\u015f Kursu S\u00fcre: 40 saat (5 g\u00fcn) Ba\u015flang\u0131\u00e7Hedef: Sa\u00e7 restorasyonu alan\u0131na yeni ba\u015flayanlar \u0130\u00e7erik: Sa\u00e7 anatomisi ve fizyolojisi Sa\u00e7 kayb\u0131 t\u00fcrleri ve nedenleri Hamilton-Norwood ve Ludwig s\u0131n\u0131fland\u0131rmas\u0131 Tan\u0131 y\u00f6ntemleri ve hasta de\u011ferlendirmesi Medikal tedavi se\u00e7enekleri Cerrahi tedavi y\u00f6ntemlerine giri\u015f Hasta se\u00e7im kriterleri Etik kurallar ve hasta&#8230;<\/p>","protected":false},"author":1,"featured_media":0,"parent":0,"menu_order":0,"comment_status":"closed","ping_status":"closed","template":"","meta":{"_acf_changed":false,"footnotes":""},"class_list":["post-6433","page","type-page","status-publish","hentry"],"acf":[],"_links":{"self":[{"href":"https:\/\/sacrehder.org\/en\/wp-json\/wp\/v2\/pages\/6433","targetHints":{"allow":["GET"]}}],"collection":[{"href":"https:\/\/sacrehder.org\/en\/wp-json\/wp\/v2\/pages"}],"about":[{"href":"https:\/\/sacrehder.org\/en\/wp-json\/wp\/v2\/types\/page"}],"author":[{"embeddable":true,"href":"https:\/\/sacrehder.org\/en\/wp-json\/wp\/v2\/users\/1"}],"replies":[{"embeddable":true,"href":"https:\/\/sacrehder.org\/en\/wp-json\/wp\/v2\/comments?post=6433"}],"version-history":[{"count":7,"href":"https:\/\/sacrehder.org\/en\/wp-json\/wp\/v2\/pages\/6433\/revisions"}],"predecessor-version":[{"id":6810,"href":"https:\/\/sacrehder.org\/en\/wp-json\/wp\/v2\/pages\/6433\/revisions\/6810"}],"wp:attachment":[{"href":"https:\/\/sacrehder.org\/en\/wp-json\/wp\/v2\/media?parent=6433"}],"curies":[{"name":"wp","href":"https:\/\/api.w.org\/{rel}","templated":true}]}}