{"id":6113,"date":"2025-06-18T12:49:11","date_gmt":"2025-06-18T12:49:11","guid":{"rendered":"https:\/\/sacrehder.org\/?page_id=6113"},"modified":"2025-07-16T05:21:44","modified_gmt":"2025-07-16T05:21:44","slug":"etkinlikler","status":"publish","type":"page","link":"https:\/\/sacrehder.org\/en\/elements\/etkinlikler\/","title":{"rendered":"Congress and Events"},"content":{"rendered":"<div data-elementor-type=\"wp-post\" data-elementor-id=\"6113\" class=\"elementor elementor-6113\">\n\t\t\t\t\t\t<section class=\"elementor-section elementor-top-section elementor-element elementor-element-5840431 elementor-section-boxed elementor-section-height-default elementor-section-height-default\" data-id=\"5840431\" data-element_type=\"section\">\n\t\t\t\t\t\t<div class=\"elementor-container elementor-column-gap-default\">\n\t\t\t\t\t<div class=\"elementor-column elementor-col-100 elementor-top-column elementor-element elementor-element-d2d50c3\" data-id=\"d2d50c3\" data-element_type=\"column\">\n\t\t\t<div class=\"elementor-widget-wrap elementor-element-populated\">\n\t\t\t\t\t\t<div class=\"elementor-element elementor-element-569570d elementor-widget elementor-widget-rtsb-info-box\" data-id=\"569570d\" data-element_type=\"widget\" data-widget_type=\"rtsb-info-box.default\">\n\t\t\t\t<div class=\"elementor-widget-container\">\n\t\t\t\t\t<div id=\"rtsb-container-569570d\" class=\"rtsb-elementor-container rtsb-pos-r rtsb-info-box\" data-layout=\"rtsb-info-box-layout1\"><div class=\"rtsb-row rtsb-content-loader rtsb-info-box-layout1\"><div class=\"rtsb-col-grid rtsb-sb-button-hover-effect-default\"><div class=\"rtsb-info-box-wrap\">\n\t<div class=\"rtsb-info-box-inner\">\n\t\t\t\t\t<div class=\"info-box-icon-holder icon\">\n\t\t\t\t<div class=\"icon-wrap\">\n\t\t\t\t\t<span class=\"icon\"><i aria-hidden=\"true\" class=\"fas fa-users-cog\"><\/i><\/span>\t\t\t\t<\/div>\n\t\t\t<\/div>\n\t\t\t\t<div class=\"info-box-content\">\n\t\t\t\t\t\t<h2 class=\"rtsb-info-box-title\">\n\t\t\t\tWe are in the preparation phase\t\t\t<\/h2>\n\t\t\t\t\t\t\t<div class=\"rtsb-info-box-description\">\n\t\t\t\t\t<p>\u2699\ufe0f We are in the Preparation Phase<br \/>We are preparing our congress and event program specifically designed for hair restoration specialists.<br \/>\u2728 What to expect:<br \/>- Masterclasses with specialist physicians<br \/>- Innovative technical presentations<br \/>- Industry networking events<br \/>- International congress announcements<br \/>Subscribe to our newsletter for updates.<\/p>\t\t\t\t<\/div>\n\t\t\t\t\t\t\t\t\t\t\t<div class=\"rtsb-shopbuilder-button\">\n\t\t\t\t\t\t\t<a class=\"rtsb-btn primary-btn\" href=\"https:\/\/sacrehder.org\">\n\t\t\t<span class=\"text-wrap icon-right\">\n\t\t\t\t<span class=\"text\">Go Home<\/span><span class=\"hover-text\">Go Home<\/span><span class=\"icon\"><i aria-hidden=\"true\" class=\"fas fa-arrow-right\"><\/i><\/span>\t\t\t<\/span>\n\t\t<\/a>\n\t\t\t\t\t\t<\/div>\n\n\t\t\t\t\t\t<\/div>\n\t<\/div>\n<\/div>\n<\/div><!-- .rtsb-col-grid --><\/div><!-- .rtsb-row --><\/div><!-- .rtsb-container -->\t\t\t\t<\/div>\n\t\t\t\t<\/div>\n\t\t\t\t\t<\/div>\n\t\t<\/div>\n\t\t\t\t\t<\/div>\n\t\t<\/section>\n\t\t\t\t<\/div>","protected":false},"excerpt":{"rendered":"<p>Haz\u0131rl\u0131k A\u015famas\u0131nday\u0131z \u2699\ufe0f Haz\u0131rl\u0131k A\u015famas\u0131nday\u0131zSa\u00e7 restorasyonu uzmanlar\u0131 i\u00e7in \u00f6zel olarak tasarlanan kongre ve etkinlik program\u0131m\u0131z\u0131 sizler i\u00e7in haz\u0131rl\u0131yoruz.\u2728 Neler bekleniyor:&#8211; Uzman hekimlerle masterclass&#8217;lar&#8211; Yenilik\u00e7i teknik sunumlar\u0131&#8211; Sekt\u00f6r networking etkinlikleri&#8211; Uluslararas\u0131 kongre duyurular\u0131G\u00fcncellemeler i\u00e7in b\u00fcltenimize abone olun. Anasayfaya D\u00f6nAnasayfaya D\u00f6n<\/p>","protected":false},"author":1,"featured_media":0,"parent":496,"menu_order":0,"comment_status":"closed","ping_status":"closed","template":"","meta":{"_acf_changed":false,"footnotes":""},"class_list":["post-6113","page","type-page","status-publish","hentry"],"acf":[],"_links":{"self":[{"href":"https:\/\/sacrehder.org\/en\/wp-json\/wp\/v2\/pages\/6113","targetHints":{"allow":["GET"]}}],"collection":[{"href":"https:\/\/sacrehder.org\/en\/wp-json\/wp\/v2\/pages"}],"about":[{"href":"https:\/\/sacrehder.org\/en\/wp-json\/wp\/v2\/types\/page"}],"author":[{"embeddable":true,"href":"https:\/\/sacrehder.org\/en\/wp-json\/wp\/v2\/users\/1"}],"replies":[{"embeddable":true,"href":"https:\/\/sacrehder.org\/en\/wp-json\/wp\/v2\/comments?post=6113"}],"version-history":[{"count":23,"href":"https:\/\/sacrehder.org\/en\/wp-json\/wp\/v2\/pages\/6113\/revisions"}],"predecessor-version":[{"id":6712,"href":"https:\/\/sacrehder.org\/en\/wp-json\/wp\/v2\/pages\/6113\/revisions\/6712"}],"up":[{"embeddable":true,"href":"https:\/\/sacrehder.org\/en\/wp-json\/wp\/v2\/pages\/496"}],"wp:attachment":[{"href":"https:\/\/sacrehder.org\/en\/wp-json\/wp\/v2\/media?parent=6113"}],"curies":[{"name":"wp","href":"https:\/\/api.w.org\/{rel}","templated":true}]}}