{"id":6098,"date":"2025-06-18T12:38:07","date_gmt":"2025-06-18T12:38:07","guid":{"rendered":"https:\/\/sacrehder.org\/?page_id=6098"},"modified":"2025-07-17T11:57:59","modified_gmt":"2025-07-17T11:57:59","slug":"vizyon-misyon","status":"publish","type":"page","link":"https:\/\/sacrehder.org\/en\/vizyon-misyon\/","title":{"rendered":"Vision &amp; Mission"},"content":{"rendered":"<div data-elementor-type=\"wp-post\" data-elementor-id=\"6098\" class=\"elementor elementor-6098\">\n\t\t\t\t\t\t<section class=\"elementor-section elementor-top-section elementor-element elementor-element-13433fb elementor-section-boxed elementor-section-height-default elementor-section-height-default\" data-id=\"13433fb\" data-element_type=\"section\">\n\t\t\t\t\t\t<div class=\"elementor-container elementor-column-gap-default\">\n\t\t\t\t\t<div class=\"elementor-column elementor-col-100 elementor-top-column elementor-element elementor-element-512a74f\" data-id=\"512a74f\" data-element_type=\"column\">\n\t\t\t<div class=\"elementor-widget-wrap elementor-element-populated\">\n\t\t\t\t\t\t<div class=\"elementor-element elementor-element-41285d4 elementor-widget elementor-widget-text-editor\" data-id=\"41285d4\" data-element_type=\"widget\" data-widget_type=\"text-editor.default\">\n\t\t\t\t<div class=\"elementor-widget-container\">\n\t\t\t\t\t\t\t\t\t&nbsp;\n\n<style>\n        \/* SA\u00c7REHDER - Komple CSS *\/\n\n        body {\n            margin: 0;\n            padding: 20px;\n            font-family: 'Segoe UI', Tahoma, Geneva, Verdana, sans-serif;\n            background: transparent;\n            min-height: 100vh;\n        }\n\n        .sacrehder-container {\n            background: transparent;\n            border-radius: 20px;\n            padding: 60px 50px;\n            margin: 20px auto;\n            max-width: 1200px;\n            position: relative;\n        }\n\n        .sacrehder-main-title {\n            font-size: 3.8rem !important;\n            line-height: 1.2 !important;\n            font-weight: 700;\n            color: #2c3e50;\n            text-align: center;\n            margin: 40px 0 30px 0;\n            position: relative;\n            text-transform: uppercase;\n            letter-spacing: 1px;\n        }\n\n        .sacrehder-main-title::after {\n            content: '';\n            display: block;\n            width: 80px;\n            height: 4px;\n            background: linear-gradient(90deg, #667eea, #764ba2);\n            margin: 20px auto;\n            border-radius: 2px;\n        }\n\n        .sacrehder-main-title:first-of-type {\n            margin-top: 0;\n            font-size: 2.6rem !important;\n        }\n\n        .sacrehder-subtitle {\n            font-size: 1.6rem !important;\n            font-weight: 600;\n            color: #34495e;\n            margin: 35px 0 20px 0;\n            position: relative;\n            padding-left: 25px;\n        }\n\n        .sacrehder-subtitle::before {\n            content: '';\n            position: absolute;\n            left: 0;\n            top: 50%;\n            transform: translateY(-50%);\n            width: 6px;\n            height: 28px;\n            background: linear-gradient(180deg, #667eea, #764ba2);\n            border-radius: 3px;\n        }\n\n        .sacrehder-paragraph {\n            font-size: 1.7rem !important;\n            line-height: 1.8;\n            color: #555;\n            margin-bottom: 20px;\n            text-align: justify;\n        }\n\n        .sacrehder-intro-paragraph {\n            background: linear-gradient(135deg, #f8f9fa 0%, #e9ecef 100%);\n            padding: 25px;\n            border-radius: 12px;\n            border-left: 5px solid #667eea;\n            margin: 25px 0;\n            position: relative;\n            overflow: hidden;\n            font-weight: 500;\n            font-size: 1.8rem !important;\n            line-height: 1.6 !important;\n            line-height: 1.8;\n            color: #555;\n            text-align: justify;\n        }\n\n        .sacrehder-intro-paragraph::before {\n            content: '';\n            position: absolute;\n            top: -50%;\n            right: -50%;\n            width: 100%;\n            height: 100%;\n            background: radial-gradient(circle, rgba(102, 126, 234, 0.1) 0%, transparent 70%);\n            transform: rotate(45deg);\n        }\n\n        .sacrehder-highlight {\n            color: #2c3e50;\n            font-weight: 600;\n            background: linear-gradient(135deg, rgba(102, 126, 234, 0.15) 0%, rgba(118, 75, 162, 0.15) 100%);\n            padding: 3px 8px;\n            border-radius: 5px;\n            font-size: 1.15em !important;\n        }\n\n        .sacrehder-list {\n            list-style: none;\n            margin: 25px 0;\n            padding-left: 0;\n        }\n\n        .sacrehder-list-item {\n            position: relative;\n            padding: 18px 0 18px 50px;\n            margin-bottom: 12px;\n            background: rgba(102, 126, 234, 0.06);\n            border-radius: 12px;\n            transition: all 0.3s ease;\n            border-left: 3px solid transparent;\n            font-size: 1.8rem !important;\n            line-height: 1.6 !important;\n            line-height: 1.8;\n            color: #555;\n        }\n\n        .sacrehder-list-item:hover {\n            background: rgba(102, 126, 234, 0.12);\n            transform: translateX(8px);\n            border-left-color: #667eea;\n        }\n\n        .sacrehder-list-item::before {\n            content: '\u2713';\n            position: absolute;\n            left: 18px;\n            top: 50%;\n            transform: translateY(-50%);\n            color: #667eea;\n            font-weight: bold;\n            font-size: 1.5rem !important;\n        }\n\n        .sacrehder-divider {\n            border: none;\n            height: 2px;\n            background: linear-gradient(90deg, transparent 0%, #667eea 50%, transparent 100%);\n            margin: 50px auto;\n            width: 80%;\n            border-radius: 1px;\n        }\n\n        .sacrehder-value-title {\n            background: rgba(102, 126, 234, 0.05);\n            padding: 15px 25px;\n            border-radius: 10px;\n            margin: 25px 0 15px 0;\n            transition: all 0.3s ease;\n            font-size: 2.2rem !important;\n            line-height: 1.3 !important;\n            font-weight: 600;\n            color: #34495e;\n            position: relative;\n            padding-left: 25px;\n        }\n\n        .sacrehder-value-title::before {\n            content: '';\n            position: absolute;\n            left: 0;\n            top: 50%;\n            transform: translateY(-50%);\n            width: 6px;\n            height: 28px;\n            background: linear-gradient(180deg, #667eea, #764ba2);\n            border-radius: 3px;\n        }\n\n        .sacrehder-value-title:hover {\n            background: rgba(102, 126, 234, 0.1);\n            transform: translateX(5px);\n        }\n\n        .sacrehder-closing-paragraph {\n            background: linear-gradient(135deg, #667eea 0%, #764ba2 100%);\n            color: white;\n            padding: 35px;\n            border-radius: 15px;\n            margin-top: 50px;\n            text-align: center;\n            position: relative;\n            overflow: hidden;\n            font-weight: 500;\n            font-size: 1.3rem !important;\n            line-height: 1.8;\n        }\n\n        .sacrehder-closing-paragraph::before {\n            content: '';\n            position: absolute;\n            top: -50%;\n            left: -50%;\n            width: 200%;\n            height: 200%;\n            background: radial-gradient(circle, rgba(255, 255, 255, 0.1) 0%, transparent 70%);\n            animation: rotate 20s linear infinite;\n        }\n\n        .sacrehder-closing-paragraph .sacrehder-highlight {\n            color: #fff;\n            background: none;\n            padding: 0;\n            font-size: 1.3em !important;\n        }\n\n        .sacrehder-container:hover {\n            transform: translateY(-5px);\n            transition: all 0.3s ease;\n        }\n\n        @keyframes rotate {\n            0% { transform: rotate(0deg); }\n            100% { transform: rotate(360deg); }\n        }\n\n        @media (max-width: 768px) {\n            .sacrehder-container {\n                padding: 35px 25px;\n                margin: 10px;\n            }\n\n            .sacrehder-main-title {\n                font-size: 2.2rem !important;\n            }\n\n            .sacrehder-main-title:first-of-type {\n                font-size: 2.6rem !important;\n            }\n\n            .sacrehder-subtitle,\n            .sacrehder-value-title {\n                font-size: 1.5rem !important;\n                padding-left: 20px;\n            }\n\n            .sacrehder-paragraph,\n            .sacrehder-intro-paragraph,\n            .sacrehder-list-item {\n                font-size: 1.2rem !important;\n            }\n\n            .sacrehder-list-item {\n                padding: 15px 0 15px 40px;\n            }\n\n            .sacrehder-closing-paragraph {\n                padding: 25px;\n                font-size: 1.3rem !important;\n            }\n        }\n    <\/style>\n\n&nbsp;\n<div class=\"sacrehder-container\">\n<h1 class=\"sacrehder-main-title\">Our Mission<\/h1>\n<p class=\"sacrehder-intro-paragraph translation-block\">As <strong>Hair Restoration Physicians Association (SA\u00c7REHDER)<\/strong>, our main mission is to promote hair health and restoration services in Turkey, improve service quality and set standards.<\/p>\n<p class=\"sacrehder-paragraph\">Our association was established to support the professional development of physicians working in the field of hair health, to encourage scientific research and to increase the international recognition of physicians and health institutions working in this field.<\/p>\n\n<h2 class=\"sacrehder-subtitle\">Our Main Objectives<\/h2>\n<ul class=\"sacrehder-list\">\n \t<li class=\"sacrehder-list-item\">Introducing Turkey and the medical services related to hair health and restoration offered by physicians and health institutions based in Turkey to international health tourists<\/li>\n \t<li class=\"sacrehder-list-item\">Conducting promotional and encouraging activities abroad in order to encourage international health tourists who will have hair restoration to prefer Turkey to benefit from these medical services<\/li>\n \t<li class=\"sacrehder-list-item\">Increasing the international recognition and credibility of Turkey, Turkish physicians and health institutions<\/li>\n \t<li class=\"sacrehder-list-item\">Improving the quality of medical services for hair health and restoration and setting standards<\/li>\n<\/ul>\n\n<hr class=\"sacrehder-divider\" \/>\n\n<h1 class=\"sacrehder-main-title\">Our Vision<\/h1>\n<p class=\"sacrehder-paragraph translation-block\">T\u00fcrkiye\u2019yi <strong>sa\u00e7 sa\u011fl\u0131\u011f\u0131 ve restorasyonu alan\u0131nda d\u00fcnya lideri<\/strong> konumuna getirmek ve <strong>uluslararas\u0131 sa\u011fl\u0131k turizmi merkezi<\/strong> haline d\u00f6n\u00fc\u015ft\u00fcrmektir<\/p>\n<p class=\"sacrehder-paragraph\">We aim to ensure that Turkish physicians and healthcare institutions are recognized internationally as the most preferred, reliable and quality service providers in the field of hair restoration.<\/p>\n\n<h2 class=\"sacrehder-subtitle\">Future Goals<\/h2>\n<ul class=\"sacrehder-list\">\n \t<li class=\"sacrehder-list-item translation-block\"><strong>Quality Standards<\/strong>: Determination of nationally and internationally recognized standards in the field of hair restoration<\/li>\n \t<li class=\"sacrehder-list-item translation-block\"><strong>Education and Development<\/strong>: Keeping the knowledge and skills of physicians in the field up to date through continuing professional education programs<\/li>\n \t<li class=\"sacrehder-list-item translation-block\"><strong>Research and Innovation<\/strong>: Contributing to the development of the field by supporting scientific research<\/li>\n \t<li class=\"sacrehder-list-item translation-block\"><strong>Patient Safety<\/strong>: Ensuring the highest standards of patient safety<\/li>\n \t<li class=\"sacrehder-list-item translation-block\"><strong>International Collaboration<\/strong>: Sharing knowledge and developing collaboration with colleagues around the world<\/li>\n<\/ul>\n\n<hr class=\"sacrehder-divider\" \/>\n\n<h1 class=\"sacrehder-main-title\">Our Values<\/h1>\n<h2 class=\"sacrehder-value-title\">Quality and Safety<\/h2>\n<p class=\"sacrehder-paragraph\">We adopt the highest quality standards by prioritizing patient safety.<\/p>\n\n<h2 class=\"sacrehder-value-title\">Ethics and Integrity<\/h2>\n<p class=\"sacrehder-paragraph\">We take a transparent and honest approach by adhering to the principles of professional ethics.<\/p>\n\n<h2 class=\"sacrehder-value-title\">Continuous Improvement<\/h2>\n<p class=\"sacrehder-paragraph\">We support continuous learning and development by following scientific developments.<\/p>\n\n<h2 class=\"sacrehder-value-title\">Cooperation and Solidarity<\/h2>\n<p class=\"sacrehder-paragraph\">We encourage information sharing and professional solidarity among our members.<\/p>\n\n<h2 class=\"sacrehder-value-title\">International Perspective<\/h2>\n<p class=\"sacrehder-paragraph\">By following global standards, we strengthen Turkey's position in the international arena.<\/p>\n\n\n<hr class=\"sacrehder-divider\" \/>\n<p class=\"sacrehder-closing-paragraph translation-block\">As the <strong>Hair Restoration Physicians Association<\/strong>, we are working together with all stakeholders in our field to make Turkey a world brand in the field of hair health.<\/p>\n\n<\/div>\n&nbsp;\t\t\t\t\t\t\t\t<\/div>\n\t\t\t\t<\/div>\n\t\t\t\t\t<\/div>\n\t\t<\/div>\n\t\t\t\t\t<\/div>\n\t\t<\/section>\n\t\t\t\t<\/div>","protected":false},"excerpt":{"rendered":"<p>&nbsp; &nbsp; Misyonumuz Sa\u00e7 Restorasyonu Hekimleri Derne\u011fi (SA\u00c7REHDER) olarak, T\u00fcrkiye&#8217;deki sa\u00e7 sa\u011fl\u0131\u011f\u0131 ve restorasyonu hizmetlerinin tan\u0131t\u0131m\u0131n\u0131 yapmak, hizmet kalitesini art\u0131rmak ve standartlar\u0131 belirlemek temel misyonumuzdur. Derne\u011fimiz, sa\u00e7 sa\u011fl\u0131\u011f\u0131 alan\u0131nda faaliyet g\u00f6steren hekimlerin mesleki geli\u015fimlerini desteklemek, bilimsel ara\u015ft\u0131rmalar\u0131 te\u015fvik etmek ve bu alanda \u00e7al\u0131\u015fan hekimler ile sa\u011fl\u0131k kurulu\u015flar\u0131n\u0131n uluslararas\u0131 alanda bilinirli\u011fini art\u0131rmak i\u00e7in kurulmu\u015ftur. Temel Hedeflerimiz&#8230;<\/p>","protected":false},"author":1,"featured_media":0,"parent":0,"menu_order":0,"comment_status":"closed","ping_status":"closed","template":"","meta":{"_acf_changed":false,"footnotes":""},"class_list":["post-6098","page","type-page","status-publish","hentry"],"acf":[],"_links":{"self":[{"href":"https:\/\/sacrehder.org\/en\/wp-json\/wp\/v2\/pages\/6098","targetHints":{"allow":["GET"]}}],"collection":[{"href":"https:\/\/sacrehder.org\/en\/wp-json\/wp\/v2\/pages"}],"about":[{"href":"https:\/\/sacrehder.org\/en\/wp-json\/wp\/v2\/types\/page"}],"author":[{"embeddable":true,"href":"https:\/\/sacrehder.org\/en\/wp-json\/wp\/v2\/users\/1"}],"replies":[{"embeddable":true,"href":"https:\/\/sacrehder.org\/en\/wp-json\/wp\/v2\/comments?post=6098"}],"version-history":[{"count":19,"href":"https:\/\/sacrehder.org\/en\/wp-json\/wp\/v2\/pages\/6098\/revisions"}],"predecessor-version":[{"id":6801,"href":"https:\/\/sacrehder.org\/en\/wp-json\/wp\/v2\/pages\/6098\/revisions\/6801"}],"wp:attachment":[{"href":"https:\/\/sacrehder.org\/en\/wp-json\/wp\/v2\/media?parent=6098"}],"curies":[{"name":"wp","href":"https:\/\/api.w.org\/{rel}","templated":true}]}}