{"id":6085,"date":"2025-06-18T12:35:28","date_gmt":"2025-06-18T12:35:28","guid":{"rendered":"https:\/\/sacrehder.org\/?page_id=6085"},"modified":"2025-06-21T08:06:22","modified_gmt":"2025-06-21T08:06:22","slug":"dernek-tuzugu","status":"publish","type":"page","link":"https:\/\/sacrehder.org\/en\/dernek-tuzugu\/","title":{"rendered":"Association Statute"},"content":{"rendered":"<div data-elementor-type=\"wp-post\" data-elementor-id=\"6085\" class=\"elementor elementor-6085\">\n\t\t\t\t\t\t<section class=\"elementor-section elementor-top-section elementor-element elementor-element-bf3250a elementor-section-stretched elementor-section-boxed elementor-section-height-default elementor-section-height-default\" data-id=\"bf3250a\" data-element_type=\"section\" data-settings=\"{&quot;stretch_section&quot;:&quot;section-stretched&quot;}\">\n\t\t\t\t\t\t<div class=\"elementor-container elementor-column-gap-default\">\n\t\t\t\t\t<div class=\"elementor-column elementor-col-33 elementor-top-column elementor-element elementor-element-4e659a5\" data-id=\"4e659a5\" data-element_type=\"column\">\n\t\t\t<div class=\"elementor-widget-wrap elementor-element-populated\">\n\t\t\t\t\t\t<div class=\"elementor-element elementor-element-5de7fda elementor-widget elementor-widget-accordion\" data-id=\"5de7fda\" data-element_type=\"widget\" data-widget_type=\"accordion.default\">\n\t\t\t\t<div class=\"elementor-widget-container\">\n\t\t\t\t\t\t\t<div class=\"elementor-accordion\">\n\t\t\t\t\t\t\t<div class=\"elementor-accordion-item\">\n\t\t\t\t\t<div id=\"elementor-tab-title-9841\" class=\"elementor-tab-title\" data-tab=\"1\" role=\"button\" aria-controls=\"elementor-tab-content-9841\" aria-expanded=\"false\">\n\t\t\t\t\t\t\t\t\t\t\t\t\t<span class=\"elementor-accordion-icon elementor-accordion-icon-left\" aria-hidden=\"true\">\n\t\t\t\t\t\t\t\t\t\t\t\t\t\t\t<span class=\"elementor-accordion-icon-closed\"><i class=\"fas fa-plus\"><\/i><\/span>\n\t\t\t\t\t\t\t\t<span class=\"elementor-accordion-icon-opened\"><i class=\"fas fa-minus\"><\/i><\/span>\n\t\t\t\t\t\t\t\t\t\t\t\t\t\t<\/span>\n\t\t\t\t\t\t\t\t\t\t\t\t<a class=\"elementor-accordion-title\" tabindex=\"0\">Who We Are<\/a>\n\t\t\t\t\t<\/div>\n\t\t\t\t\t<div id=\"elementor-tab-content-9841\" class=\"elementor-tab-content elementor-clearfix\" data-tab=\"1\" role=\"region\" aria-labelledby=\"elementor-tab-title-9841\"><p class=\"whitespace-normal break-words\">Hair Restoration Physicians Association (SA\u00c7REHDER) is a non-governmental organization officially registered in Istanbul on February 11, 2025.<\/p>\n<p class=\"whitespace-normal break-words\"><strong>Our Association's Credentials:<\/strong><\/p>\n<ul class=\"[&amp;:not(:last-child)_ul]:pb-1 [&amp;:not(:last-child)_ol]:pb-1 list-disc space-y-1.5 pl-7\">\n<li class=\"whitespace-normal break-words\"><strong>Full Name:<\/strong> Sa\u00e7 Restorasyonu Hekimleri Derne\u011fi<\/li>\n<li class=\"whitespace-normal break-words\"><strong>Short Name:<\/strong> SA\u00c7REHDER<\/li>\n<li class=\"whitespace-normal break-words\"><strong>English Name<\/strong> Hair Restoration Doctors Association<\/li>\n<li class=\"whitespace-normal break-words\"><strong>Date of Establishment:<\/strong> 11 \u015eubat 2025<\/li>\n<li class=\"whitespace-normal break-words\"><strong>Registration Number:<\/strong> 34-291-080<\/li>\n<li class=\"whitespace-normal break-words\"><strong>Center:<\/strong> Within the borders of Istanbul Metropolitan Municipality<\/li>\n<li class=\"whitespace-normal break-words\"><strong>Legal Status:<\/strong> Non-governmental organization established according to Law No. 5253 on Associations<\/li>\n<li class=\"whitespace-normal break-words\"><strong>Number of Founding Members:<\/strong> 7 Physician<\/li>\n<\/ul>\n<p class=\"whitespace-normal break-words\">Our association was established by the gathering of physicians specialized in the field of hair health in order to promote Turkey's knowledge and expertise in the field of hair health and restoration worldwide.<\/p><\/div>\n\t\t\t\t<\/div>\n\t\t\t\t\t\t\t<div class=\"elementor-accordion-item\">\n\t\t\t\t\t<div id=\"elementor-tab-title-9842\" class=\"elementor-tab-title\" data-tab=\"2\" role=\"button\" aria-controls=\"elementor-tab-content-9842\" aria-expanded=\"false\">\n\t\t\t\t\t\t\t\t\t\t\t\t\t<span class=\"elementor-accordion-icon elementor-accordion-icon-left\" aria-hidden=\"true\">\n\t\t\t\t\t\t\t\t\t\t\t\t\t\t\t<span class=\"elementor-accordion-icon-closed\"><i class=\"fas fa-plus\"><\/i><\/span>\n\t\t\t\t\t\t\t\t<span class=\"elementor-accordion-icon-opened\"><i class=\"fas fa-minus\"><\/i><\/span>\n\t\t\t\t\t\t\t\t\t\t\t\t\t\t<\/span>\n\t\t\t\t\t\t\t\t\t\t\t\t<a class=\"elementor-accordion-title\" tabindex=\"0\">Mission and Vision<\/a>\n\t\t\t\t\t<\/div>\n\t\t\t\t\t<div id=\"elementor-tab-content-9842\" class=\"elementor-tab-content elementor-clearfix\" data-tab=\"2\" role=\"region\" aria-labelledby=\"elementor-tab-title-9842\"><p class=\"whitespace-normal break-words\"><strong>OUR MISSION<\/strong><\/p>\n<p class=\"whitespace-normal break-words\">To promote Turkey's superior quality and expertise in the field of hair health and restoration on international platforms, to strengthen our country's leading position in health tourism and to improve sectoral standards.<\/p>\n<p class=\"whitespace-normal break-words\"><strong>Key Objectives:<\/strong><\/p>\n<ul class=\"[&amp;:not(:last-child)_ul]:pb-1 [&amp;:not(:last-child)_ol]:pb-1 list-disc space-y-1.5 pl-7\">\n<li class=\"whitespace-normal break-words\">International promotion of Turkey and the hair health services of physicians based in Turkey<\/li>\n<li class=\"whitespace-normal break-words\">Supporting quality service provision for health tourists<\/li>\n<li class=\"whitespace-normal break-words\">Determination and development of sectoral quality standards<\/li>\n<li class=\"whitespace-normal break-words\">Promoting physician training and scientific research<\/li>\n<li class=\"whitespace-normal break-words\">Developing international cooperation opportunities<\/li>\n<\/ul>\n<p class=\"whitespace-normal break-words\"><strong>OUR VISION<\/strong><\/p>\n<p class=\"whitespace-normal break-words\">To make Turkey the most reliable, highest quality and most preferred center in the field of hair health and restoration worldwide; to establish standards that maximize patient safety and satisfaction.<\/p>\n<p class=\"whitespace-normal break-words\"><strong>Our values<\/strong><\/p>\n<ul class=\"[&amp;:not(:last-child)_ul]:pb-1 [&amp;:not(:last-child)_ol]:pb-1 list-disc space-y-1.5 pl-7\">\n<li class=\"whitespace-normal break-words\"><strong>Scientificity:<\/strong> Principles of evidence-based medicine<\/li>\n<li class=\"whitespace-normal break-words\"><strong>Quality:<\/strong> Highest service standards<\/li>\n<li class=\"whitespace-normal break-words\"><strong>Etik:<\/strong> Patient safety and professional ethics<\/li>\n<li class=\"whitespace-normal break-words\"><strong>Transparency:<\/strong> Accountable governance<\/li>\n<li class=\"whitespace-normal break-words\"><strong>Cooperation:<\/strong> Sectoral solidarity<\/li>\n<\/ul><\/div>\n\t\t\t\t<\/div>\n\t\t\t\t\t\t\t<div class=\"elementor-accordion-item\">\n\t\t\t\t\t<div id=\"elementor-tab-title-9843\" class=\"elementor-tab-title\" data-tab=\"3\" role=\"button\" aria-controls=\"elementor-tab-content-9843\" aria-expanded=\"false\">\n\t\t\t\t\t\t\t\t\t\t\t\t\t<span class=\"elementor-accordion-icon elementor-accordion-icon-left\" aria-hidden=\"true\">\n\t\t\t\t\t\t\t\t\t\t\t\t\t\t\t<span class=\"elementor-accordion-icon-closed\"><i class=\"fas fa-plus\"><\/i><\/span>\n\t\t\t\t\t\t\t\t<span class=\"elementor-accordion-icon-opened\"><i class=\"fas fa-minus\"><\/i><\/span>\n\t\t\t\t\t\t\t\t\t\t\t\t\t\t<\/span>\n\t\t\t\t\t\t\t\t\t\t\t\t<a class=\"elementor-accordion-title\" tabindex=\"0\">Legal Basis and Registration<\/a>\n\t\t\t\t\t<\/div>\n\t\t\t\t\t<div id=\"elementor-tab-content-9843\" class=\"elementor-tab-content elementor-clearfix\" data-tab=\"3\" role=\"region\" aria-labelledby=\"elementor-tab-title-9843\"><p class=\"whitespace-normal break-words\"><strong>LEGAL FRAMEWORK<\/strong><\/p>\n<p class=\"whitespace-normal break-words\">Our association was established and continues its activities in full compliance with the legislation of the Republic of Turkey.<\/p>\n<p class=\"whitespace-normal break-words\"><strong>Legal Bases:<\/strong><\/p>\n<ul class=\"[&amp;:not(:last-child)_ul]:pb-1 [&amp;:not(:last-child)_ol]:pb-1 list-disc space-y-1.5 pl-7\">\n<li class=\"whitespace-normal break-words translation-block\"><strong>Law No. 5253 on Associations<\/strong> - Our main legal framework<\/li>\n<li class=\"whitespace-normal break-words translation-block\"><strong>Article 87 of the Turkish Civil Code No. 4721<\/strong> - Our foundation<\/li>\n<li class=\"whitespace-normal break-words translation-block\"><strong>Relevant regulations and communiqu\u00e9s<\/strong> - Code of practice<\/li>\n<\/ul>\n<p class=\"whitespace-normal break-words\"><strong>Official Registration Information:<\/strong><\/p>\n<ul class=\"[&amp;:not(:last-child)_ul]:pb-1 [&amp;:not(:last-child)_ol]:pb-1 list-disc space-y-1.5 pl-7\">\n<li class=\"whitespace-normal break-words translation-block\"><strong>Registration Date:<\/strong> February 11, 2025<\/li>\n<li class=\"whitespace-normal break-words\"><strong>Registration Number:<\/strong> 34-291-080<\/li>\n<li class=\"whitespace-normal break-words translation-block\"><strong>Registrar:<\/strong> T.C. Istanbul Governorship Provincial Directorate of Civil Society Relations<\/li>\n<li class=\"whitespace-normal break-words translation-block\"><strong>Approving Authorized:<\/strong> Bayram Ali \u00c7AKIRO\u011eLU (Provincial Director)<\/li>\n<li class=\"whitespace-normal break-words\"><strong>Registry Number<\/strong> 34291080<\/li>\n<\/ul>\n<p class=\"whitespace-normal break-words\"><strong>Verification Information:<\/strong> The registration status and legal status of our association can be verified with the Istanbul Governorship Provincial Directorate of Civil Society Relations.<\/p>\n<p class=\"whitespace-normal break-words\"><strong>Activity Permits:<\/strong><\/p>\n<ul class=\"[&amp;:not(:last-child)_ul]:pb-1 [&amp;:not(:last-child)_ol]:pb-1 list-disc space-y-1.5 pl-7\">\n<li class=\"whitespace-normal break-words\">Authorization to organize training and seminars<\/li>\n<li class=\"whitespace-normal break-words\">Authorization to support scientific research<\/li>\n<li class=\"whitespace-normal break-words\">Authorization for international cooperation<\/li>\n<li class=\"whitespace-normal break-words\">Authorization for promotion and marketing activities<\/li>\n<\/ul><\/div>\n\t\t\t\t<\/div>\n\t\t\t\t\t\t\t\t<\/div>\n\t\t\t\t\t\t<\/div>\n\t\t\t\t<\/div>\n\t\t\t\t\t<\/div>\n\t\t<\/div>\n\t\t\t\t<div class=\"elementor-column elementor-col-66 elementor-top-column elementor-element elementor-element-3f1cd99\" data-id=\"3f1cd99\" data-element_type=\"column\">\n\t\t\t<div class=\"elementor-widget-wrap elementor-element-populated\">\n\t\t\t\t\t\t<div class=\"elementor-element elementor-element-feff93b elementor-widget elementor-widget-text-editor\" data-id=\"feff93b\" data-element_type=\"widget\" data-widget_type=\"text-editor.default\">\n\t\t\t\t<div class=\"elementor-widget-container\">\n\t\t\t\t\t\t\t\t\t<h2 class=\"text-xl font-bold text-text-100 mt-1 -mb-0.5\">Charter of the Association of Hair Restoration Physicians<\/h2>\n<p class=\"whitespace-normal break-words translation-block\"><strong>Hair Restoration Physicians Association (SA\u00c7REHDER)<\/strong> Bylaws is an official document prepared in accordance with the Associations Law No. 5253 and approved by the Istanbul Governorship Provincial Directorate of Civil Society Relations on February 11, 2025.<\/p>\n<h3 class=\"text-lg font-bold text-text-100 mt-1 -mb-1.5\">Identity Information of our Association<\/h3>\n<p class=\"whitespace-normal break-words translation-block\"><strong>Tam Ad\u0131:<\/strong> Sa\u00e7 Restorasyonu Hekimleri Derne\u011fi<br><strong>K\u0131sa Ad\u0131:<\/strong> SA\u00c7REHDER<br><strong>Merkezi:<\/strong> \u0130stanbul B\u00fcy\u00fck\u015fehir Belediyesi S\u0131n\u0131rlar\u0131 \u0130\u00e7erisinde<br><strong>T\u00fcz\u00fck No:<\/strong> 34-291-080<br><strong>Onay Tarihi:<\/strong> 11.02.2025<\/p>\n<h3 class=\"text-lg font-bold text-text-100 mt-1 -mb-1.5\">Purpose of our Association<\/h3>\n<p class=\"whitespace-normal break-words\">Our association was established to promote Turkey's knowledge and expertise in the field of hair health and restoration worldwide, to strengthen the leading position of our country in international health tourism and to contribute to the professional development of our physicians serving in this field.<\/p>\n<h3 class=\"text-lg font-bold text-text-100 mt-1 -mb-1.5\">Areas of Activity<\/h3>\n<ul class=\"[&amp;:not(:last-child)_ul]:pb-1 [&amp;:not(:last-child)_ol]:pb-1 list-disc space-y-1.5 pl-7\">\n<li class=\"whitespace-normal break-words\">Introduction of hair health and restoration services in Turkey<\/li>\n<li class=\"whitespace-normal break-words\">Improving service quality and setting standards<\/li>\n<li class=\"whitespace-normal break-words\">Finding solutions to the problems of physicians and preventing unauthorized persons from operating in this field<\/li>\n<li class=\"whitespace-normal break-words\">Making Turkey a center for international health tourism<\/li>\n<li class=\"whitespace-normal break-words\">Supporting scientific studies and research<\/li>\n<li class=\"whitespace-normal break-words\">Organizing trainings, seminars and conferences<\/li>\n<li class=\"whitespace-normal break-words\">Preparation of legislative proposals related to the sector<\/li>\n<\/ul>\n<h3 class=\"text-lg font-bold text-text-100 mt-1 -mb-1.5\">Our organs<\/h3>\n<p class=\"whitespace-normal break-words translation-block\"><strong>Genel Kurul:<\/strong> Derne\u011fin en \u00fcst karar organ\u0131d\u0131r<br><strong>Y\u00f6netim Kurulu:<\/strong> Derne\u011fi y\u00f6netim ve temsil yetkisine sahiptir<br><strong>Denetim Kurulu:<\/strong> Derne\u011fin mali i\u015flerini denetler<\/p>\n<h3 class=\"text-lg font-bold text-text-100 mt-1 -mb-1.5\">Membership Conditions<\/h3>\n<p class=\"whitespace-normal break-words\">To become a member of our association:<\/p>\n<ul class=\"[&amp;:not(:last-child)_ul]:pb-1 [&amp;:not(:last-child)_ol]:pb-1 list-disc space-y-1.5 pl-7\">\n<li class=\"whitespace-normal break-words\">Becoming a physician<\/li>\n<li class=\"whitespace-normal break-words\">To adopt the aims and principles of the Association<\/li>\n<li class=\"whitespace-normal break-words\">There are full and honorary membership types<\/li>\n<li class=\"whitespace-normal break-words\">Board of Directors decision is required for honorary membership<\/li>\n<\/ul>\n<h3 class=\"text-lg font-bold text-text-100 mt-1 -mb-1.5\">Our Charter Document<\/h3>\n<p class=\"whitespace-normal break-words\">The full text of our association's bylaws and our legal documents are in the records of the Istanbul Governorship Provincial Directorate of Civil Society Relations. You can contact our association center for detailed information.<\/p>\n<hr \/>\n<p class=\"whitespace-normal break-words\"><em>This charter has been prepared in accordance with the Associations Law No. 5253 and the relevant legislation and is the basic regulatory text that determines the purpose of establishment, fields of activity, membership conditions, management structure and working principles of our association.<\/em><\/p>\t\t\t\t\t\t\t\t<\/div>\n\t\t\t\t<\/div>\n\t\t\t\t\t<\/div>\n\t\t<\/div>\n\t\t\t\t\t<\/div>\n\t\t<\/section>\n\t\t\t\t<\/div>","protected":false},"excerpt":{"rendered":"<p>Biz Kimiz Sa\u00e7 Restorasyonu Hekimleri Derne\u011fi (SA\u00c7REHDER), 11 \u015eubat 2025 tarihinde \u0130stanbul&#8217;da resmi olarak tescil edilmi\u015f bir sivil toplum kurulu\u015fudur. Derne\u011fimizin Kimlik Bilgileri: Tam Ad\u0131: Sa\u00e7 Restorasyonu Hekimleri Derne\u011fi K\u0131sa Ad\u0131: SA\u00c7REHDER \u0130ngilizce Ad\u0131: Hair Restoration Doctors Association Kurulu\u015f Tarihi: 11 \u015eubat 2025 Tescil Numaras\u0131: 34-291-080 Merkez: \u0130stanbul B\u00fcy\u00fck\u015fehir Belediyesi s\u0131n\u0131rlar\u0131 i\u00e7inde Hukuki Stat\u00fc: 5253&#8230;<\/p>","protected":false},"author":1,"featured_media":0,"parent":0,"menu_order":0,"comment_status":"closed","ping_status":"closed","template":"","meta":{"_acf_changed":false,"footnotes":""},"class_list":["post-6085","page","type-page","status-publish","hentry"],"acf":[],"_links":{"self":[{"href":"https:\/\/sacrehder.org\/en\/wp-json\/wp\/v2\/pages\/6085","targetHints":{"allow":["GET"]}}],"collection":[{"href":"https:\/\/sacrehder.org\/en\/wp-json\/wp\/v2\/pages"}],"about":[{"href":"https:\/\/sacrehder.org\/en\/wp-json\/wp\/v2\/types\/page"}],"author":[{"embeddable":true,"href":"https:\/\/sacrehder.org\/en\/wp-json\/wp\/v2\/users\/1"}],"replies":[{"embeddable":true,"href":"https:\/\/sacrehder.org\/en\/wp-json\/wp\/v2\/comments?post=6085"}],"version-history":[{"count":11,"href":"https:\/\/sacrehder.org\/en\/wp-json\/wp\/v2\/pages\/6085\/revisions"}],"predecessor-version":[{"id":6299,"href":"https:\/\/sacrehder.org\/en\/wp-json\/wp\/v2\/pages\/6085\/revisions\/6299"}],"wp:attachment":[{"href":"https:\/\/sacrehder.org\/en\/wp-json\/wp\/v2\/media?parent=6085"}],"curies":[{"name":"wp","href":"https:\/\/api.w.org\/{rel}","templated":true}]}}