{"id":6075,"date":"2025-06-18T12:29:33","date_gmt":"2025-06-18T12:29:33","guid":{"rendered":"https:\/\/sacrehder.org\/?page_id=6075"},"modified":"2025-07-17T10:55:32","modified_gmt":"2025-07-17T10:55:32","slug":"hakkimizda","status":"publish","type":"page","link":"https:\/\/sacrehder.org\/en\/hakkimizda\/","title":{"rendered":"About us"},"content":{"rendered":"<div data-elementor-type=\"wp-post\" data-elementor-id=\"6075\" class=\"elementor elementor-6075\">\n\t\t\t\t\t\t<section class=\"elementor-section elementor-top-section elementor-element elementor-element-e6b449b elementor-section-boxed elementor-section-height-default elementor-section-height-default\" data-id=\"e6b449b\" data-element_type=\"section\">\n\t\t\t\t\t\t<div class=\"elementor-container elementor-column-gap-default\">\n\t\t\t\t\t<div class=\"elementor-column elementor-col-100 elementor-top-column elementor-element elementor-element-737a41d\" data-id=\"737a41d\" data-element_type=\"column\">\n\t\t\t<div class=\"elementor-widget-wrap elementor-element-populated\">\n\t\t\t\t\t\t<div class=\"elementor-element elementor-element-97f755c elementor-widget elementor-widget-text-editor\" data-id=\"97f755c\" data-element_type=\"widget\" data-widget_type=\"text-editor.default\">\n\t\t\t\t<div class=\"elementor-widget-container\">\n\t\t\t\t\t\t\t\t\t<div class=\"elementor-element elementor-element-5ad738d elementor-widget elementor-widget-text-editor\" data-id=\"5ad738d\" data-element_type=\"widget\" data-widget_type=\"text-editor.default\">\n<div class=\"elementor-widget-container translation-block\"><strong>Hair Restoration Physicians Association (SACREHDER)<\/strong> is a scientific and professional association established in Istanbul on February 11, 2025, bringing together physicians working in the field of hair health and restoration.<\/div>\n<\/div>\n<section class=\"elementor-section elementor-inner-section elementor-element elementor-element-e83fce2 elementor-section-boxed elementor-section-height-default elementor-section-height-default\" data-id=\"e83fce2\" data-element_type=\"section\">\n<div class=\"elementor-container elementor-column-gap-default\">\n<div class=\"elementor-column elementor-col-100 elementor-inner-column elementor-element elementor-element-8fcfc46\" data-id=\"8fcfc46\" data-element_type=\"column\">\n<div class=\"elementor-widget-wrap elementor-element-populated\">\n<div class=\"elementor-element elementor-element-1bbfec0 elementor-widget elementor-widget-text-editor\" data-id=\"1bbfec0\" data-element_type=\"widget\" data-widget_type=\"text-editor.default\">\n<div class=\"elementor-widget-container\">\n<h3 class=\"text-lg font-bold text-text-100 mt-1 -mb-1.5\" style=\"font-size:20px !important\">Our Mission<\/h3>\n<p class=\"whitespace-normal break-words\" style=\"font-size:20px !important\">To promote Turkey's expertise in hair restoration and hair health worldwide, to strengthen the leading position of our country in international health tourism and to contribute to the development of the sector by sharing the knowledge of our physicians serving in this field.<\/p>\n\n<\/div>\n<\/div>\n<\/div>\n<\/div>\n<\/div>\n<\/section>\n<div class=\"elementor-element elementor-element-eaf4b37 elementor-widget elementor-widget-text-editor\" data-id=\"eaf4b37\" data-element_type=\"widget\" data-widget_type=\"text-editor.default\">\n<div class=\"elementor-widget-container\">\n<h3 class=\"text-lg font-bold text-text-100 mt-1 -mb-1.5\" style=\"font-size:20px !important\">Our Vision<\/h3>\n<p class=\"whitespace-normal break-words\" style=\"font-size:20px !important\">Our mission is to make Turkey a globally preferred center in the field of hair health and restoration, and to maximize patient satisfaction by establishing quality and reliable service standards.<\/p>\n\n<\/div>\n<\/div>\n<div class=\"elementor-element elementor-element-3108965 elementor-widget elementor-widget-text-editor\" data-id=\"3108965\" data-element_type=\"widget\" data-widget_type=\"text-editor.default\">\n<div class=\"elementor-widget-container\">\n<h3 class=\"text-lg font-bold text-text-100 mt-1 -mb-1.5\" style=\"font-size:28px !important\">Our Values<\/h3>\n<ul class=\"[&amp;:not(:last-child)_ul]:pb-1 [&amp;:not(:last-child)_ol]:pb-1 list-disc space-y-1.5 pl-7\" style=\"font-size:20px !important\">\n \t<li class=\"whitespace-normal break-words translation-block\"><strong>Scientific:<\/strong> We adopt evidence-based medicine principles in all our activities<\/li>\n \t<li class=\"whitespace-normal break-words translation-block\"><strong>Ethics:<\/strong> We act by prioritizing patient safety and ethics<\/li>\n \t<li class=\"whitespace-normal break-words translation-block\"><strong>Quality:<\/strong> We aim for the highest service standards<\/li>\n \t<li class=\"whitespace-normal break-words translation-block\"><strong>Collaboration:<\/strong> We work in strong collaboration with our colleagues<\/li>\n \t<li class=\"whitespace-normal break-words translation-block\"><strong>Innovation:<\/strong> We follow emerging technologies and methods<\/li>\n<\/ul>\n<\/div>\n<\/div>\n<div class=\"elementor-element elementor-element-823ce9d elementor-widget elementor-widget-text-editor\" data-id=\"823ce9d\" data-element_type=\"widget\" data-widget_type=\"text-editor.default\">\n<div class=\"elementor-widget-container\">\n<h3 class=\"text-lg font-bold text-text-100 mt-1 -mb-1.5\" style=\"font-size:28px !important\">Areas of Activity<\/h3>\n<p class=\"whitespace-normal break-words\" style=\"font-size:20px !important\">Our association is in the field of hair health and restoration:<\/p>\n\n<ul class=\"[&amp;:not(:last-child)_ul]:pb-1 [&amp;:not(:last-child)_ol]:pb-1 list-disc space-y-1.5 pl-7\" style=\"font-size:20px !important\">\n \t<li class=\"whitespace-normal break-words\">Promotional activities for international health tourists<\/li>\n \t<li class=\"whitespace-normal break-words\">Hekimlerimizin mesleki geli\u015fimi i\u00e7in e\u011fitim programlar\u0131<\/li>\n \t<li class=\"whitespace-normal break-words\">Determination and development of sectoral quality standards<\/li>\n \t<li class=\"whitespace-normal break-words\">Scientific research and development studies<\/li>\n \t<li class=\"whitespace-normal break-words\">International cooperation and networking<\/li>\n<\/ul>\n<p class=\"whitespace-normal break-words translation-block\" style=\"font-size:20px !important\">In this journey that we started with <strong>7 founding members<\/strong>, we continue to work for the development of our sector and to increase Turkey's prestige in this field.<\/p>\n\n<\/div>\n<\/div>\t\t\t\t\t\t\t\t<\/div>\n\t\t\t\t<\/div>\n\t\t\t\t\t<\/div>\n\t\t<\/div>\n\t\t\t\t\t<\/div>\n\t\t<\/section>\n\t\t\t\t<\/div>","protected":false},"excerpt":{"rendered":"<p>Sa\u00e7 Restorasyonu Hekimleri Derne\u011fi (SA\u00c7REHDER), 11 \u015eubat 2025 tarihinde \u0130stanbul&#8217;da kurulan, sa\u00e7 sa\u011fl\u0131\u011f\u0131 ve restorasyon alan\u0131nda faaliyet g\u00f6steren hekimlerin bir araya gelerek olu\u015fturdu\u011fu bilimsel ve mesleki bir dernektir. Misyonumuz T\u00fcrkiye&#8217;nin sa\u00e7 restorasyonu ve sa\u00e7 sa\u011fl\u0131\u011f\u0131 alan\u0131ndaki uzmanl\u0131\u011f\u0131n\u0131 d\u00fcnya \u00e7ap\u0131nda tan\u0131tmak, uluslararas\u0131 sa\u011fl\u0131k turizminde \u00fclkemizin lider konumunu g\u00fc\u00e7lendirmek ve bu alanda hizmet veren hekimlerimizin bilgi birikimini&#8230;<\/p>","protected":false},"author":1,"featured_media":0,"parent":0,"menu_order":0,"comment_status":"closed","ping_status":"closed","template":"","meta":{"_acf_changed":false,"footnotes":""},"class_list":["post-6075","page","type-page","status-publish","hentry"],"acf":[],"_links":{"self":[{"href":"https:\/\/sacrehder.org\/en\/wp-json\/wp\/v2\/pages\/6075","targetHints":{"allow":["GET"]}}],"collection":[{"href":"https:\/\/sacrehder.org\/en\/wp-json\/wp\/v2\/pages"}],"about":[{"href":"https:\/\/sacrehder.org\/en\/wp-json\/wp\/v2\/types\/page"}],"author":[{"embeddable":true,"href":"https:\/\/sacrehder.org\/en\/wp-json\/wp\/v2\/users\/1"}],"replies":[{"embeddable":true,"href":"https:\/\/sacrehder.org\/en\/wp-json\/wp\/v2\/comments?post=6075"}],"version-history":[{"count":37,"href":"https:\/\/sacrehder.org\/en\/wp-json\/wp\/v2\/pages\/6075\/revisions"}],"predecessor-version":[{"id":6786,"href":"https:\/\/sacrehder.org\/en\/wp-json\/wp\/v2\/pages\/6075\/revisions\/6786"}],"wp:attachment":[{"href":"https:\/\/sacrehder.org\/en\/wp-json\/wp\/v2\/media?parent=6075"}],"curies":[{"name":"wp","href":"https:\/\/api.w.org\/{rel}","templated":true}]}}